{"id":1638,"date":"2023-02-12T18:36:20","date_gmt":"2023-02-12T18:36:20","guid":{"rendered":"https:\/\/taous-tours.com\/fiches-dinformation\/"},"modified":"2023-02-12T21:38:55","modified_gmt":"2023-02-12T21:38:55","slug":"fiches-dinformation","status":"publish","type":"page","link":"https:\/\/taous-tours.com\/fr\/fiches-dinformation\/","title":{"rendered":"Fiches d&rsquo;information"},"content":{"rendered":"<p>&nbsp;<\/p>\n<p style=\"text-align: center;\">Sur cette page, vous pouvez t\u00e9l\u00e9charger toutes les informations juridiques concernant nos voyages et la l\u00e9gislation sur les voyages \u00e0 forfait et les voyages individuels.<\/p>\n<p style=\"text-align: center;\">En r\u00e9servant un voyage, vous acceptez, en tant que voyageur, toutes les conditions d\u00e9crites dans les pr\u00e9sentes conditions g\u00e9n\u00e9rales.<\/p>\n<p style=\"text-align: center;\"><a href=\"https:\/\/taous-tours.com\/fr\/conditions-generales-dutilisation\/\">Conditions g\u00e9n\u00e9rales d&rsquo;utilisation<\/a><\/p>\n<p style=\"text-align: center;\"><a href=\"https:\/\/taous-tours.com\/fr\/conditions-speciales-de-jp-travel-pour-les-voyages-individuels\/\">Conditions sp\u00e9ciales de J&amp;P Travel pour les voyages individuels<\/a><\/p>\n<p style=\"text-align: center;\"><a href=\"https:\/\/taous-tours.com\/fr\/conditions-generales-de-la-commission-des-litiges\/\">Conditions g\u00e9n\u00e9rales de la commission des litiges<\/a><\/p>\n<p style=\"text-align: center;\"><a href=\"https:\/\/taous-tours.com\/fr\/formulaire-dinformation-standard-pour-les-contrats-de-voyage-a-forfait\/\">Formulaire d&rsquo;information standard pour les contrats de voyage \u00e0 forfait<\/a><\/p>\n","protected":false},"excerpt":{"rendered":"<p>&nbsp; Sur cette page, vous pouvez t\u00e9l\u00e9charger toutes les informations juridiques concernant nos voyages et la l\u00e9gislation sur les voyages \u00e0 forfait et les voyages individuels.<span class=\"excerpt-hellip\"> [\u2026]<\/span><\/p>\n","protected":false},"author":1,"featured_media":0,"parent":0,"menu_order":0,"comment_status":"closed","ping_status":"closed","template":"","meta":{"footnotes":""},"class_list":["post-1638","page","type-page","status-publish","hentry"],"yoast_head":"<!-- This site is optimized with the Yoast SEO plugin v27.4 - https:\/\/yoast.com\/product\/yoast-seo-wordpress\/ -->\n<title>Fiches d&#039;information - Taous Tours<\/title>\n<meta name=\"robots\" content=\"index, follow, max-snippet:-1, max-image-preview:large, max-video-preview:-1\" \/>\n<link rel=\"canonical\" href=\"https:\/\/taous-tours.com\/fr\/fiches-dinformation\/\" \/>\n<meta property=\"og:locale\" content=\"fr_FR\" \/>\n<meta property=\"og:type\" content=\"article\" \/>\n<meta property=\"og:title\" content=\"Fiches d&#039;information - Taous Tours\" \/>\n<meta property=\"og:description\" content=\"&nbsp; Sur cette page, vous pouvez t\u00e9l\u00e9charger toutes les informations juridiques concernant nos voyages et la l\u00e9gislation sur les voyages \u00e0 forfait et les voyages individuels. [\u2026]\" \/>\n<meta property=\"og:url\" content=\"https:\/\/taous-tours.com\/fr\/fiches-dinformation\/\" \/>\n<meta property=\"og:site_name\" content=\"Taous Tours\" \/>\n<meta property=\"article:modified_time\" content=\"2023-02-12T21:38:55+00:00\" \/>\n<meta name=\"twitter:card\" content=\"summary_large_image\" \/>\n<script type=\"application\/ld+json\" class=\"yoast-schema-graph\">{\"@context\":\"https:\\\/\\\/schema.org\",\"@graph\":[{\"@type\":\"WebPage\",\"@id\":\"https:\\\/\\\/taous-tours.com\\\/fr\\\/fiches-dinformation\\\/\",\"url\":\"https:\\\/\\\/taous-tours.com\\\/fr\\\/fiches-dinformation\\\/\",\"name\":\"Fiches d'information - Taous Tours\",\"isPartOf\":{\"@id\":\"https:\\\/\\\/taous-tours.com\\\/fr\\\/#website\"},\"datePublished\":\"2023-02-12T18:36:20+00:00\",\"dateModified\":\"2023-02-12T21:38:55+00:00\",\"breadcrumb\":{\"@id\":\"https:\\\/\\\/taous-tours.com\\\/fr\\\/fiches-dinformation\\\/#breadcrumb\"},\"inLanguage\":\"fr-FR\",\"potentialAction\":[{\"@type\":\"ReadAction\",\"target\":[\"https:\\\/\\\/taous-tours.com\\\/fr\\\/fiches-dinformation\\\/\"]}]},{\"@type\":\"BreadcrumbList\",\"@id\":\"https:\\\/\\\/taous-tours.com\\\/fr\\\/fiches-dinformation\\\/#breadcrumb\",\"itemListElement\":[{\"@type\":\"ListItem\",\"position\":1,\"name\":\"Home\",\"item\":\"https:\\\/\\\/taous-tours.com\\\/fr\\\/\"},{\"@type\":\"ListItem\",\"position\":2,\"name\":\"Fiches d&rsquo;information\"}]},{\"@type\":\"WebSite\",\"@id\":\"https:\\\/\\\/taous-tours.com\\\/fr\\\/#website\",\"url\":\"https:\\\/\\\/taous-tours.com\\\/fr\\\/\",\"name\":\"Taous Tours\",\"description\":\"Discover the Morrocon Beauty with our all-in Tours\",\"publisher\":{\"@id\":\"https:\\\/\\\/taous-tours.com\\\/fr\\\/#organization\"},\"potentialAction\":[{\"@type\":\"SearchAction\",\"target\":{\"@type\":\"EntryPoint\",\"urlTemplate\":\"https:\\\/\\\/taous-tours.com\\\/fr\\\/?s={search_term_string}\"},\"query-input\":{\"@type\":\"PropertyValueSpecification\",\"valueRequired\":true,\"valueName\":\"search_term_string\"}}],\"inLanguage\":\"fr-FR\"},{\"@type\":\"Organization\",\"@id\":\"https:\\\/\\\/taous-tours.com\\\/fr\\\/#organization\",\"name\":\"Taous Tours\",\"url\":\"https:\\\/\\\/taous-tours.com\\\/fr\\\/\",\"logo\":{\"@type\":\"ImageObject\",\"inLanguage\":\"fr-FR\",\"@id\":\"https:\\\/\\\/taous-tours.com\\\/fr\\\/#\\\/schema\\\/logo\\\/image\\\/\",\"url\":\"https:\\\/\\\/taous-tours.com\\\/wp-content\\\/uploads\\\/2020\\\/12\\\/4444-removebg-preview.png\",\"contentUrl\":\"https:\\\/\\\/taous-tours.com\\\/wp-content\\\/uploads\\\/2020\\\/12\\\/4444-removebg-preview.png\",\"width\":645,\"height\":387,\"caption\":\"Taous Tours\"},\"image\":{\"@id\":\"https:\\\/\\\/taous-tours.com\\\/fr\\\/#\\\/schema\\\/logo\\\/image\\\/\"}}]}<\/script>\n<!-- \/ Yoast SEO plugin. -->","yoast_head_json":{"title":"Fiches d'information - Taous Tours","robots":{"index":"index","follow":"follow","max-snippet":"max-snippet:-1","max-image-preview":"max-image-preview:large","max-video-preview":"max-video-preview:-1"},"canonical":"https:\/\/taous-tours.com\/fr\/fiches-dinformation\/","og_locale":"fr_FR","og_type":"article","og_title":"Fiches d'information - Taous Tours","og_description":"&nbsp; Sur cette page, vous pouvez t\u00e9l\u00e9charger toutes les informations juridiques concernant nos voyages et la l\u00e9gislation sur les voyages \u00e0 forfait et les voyages individuels. [\u2026]","og_url":"https:\/\/taous-tours.com\/fr\/fiches-dinformation\/","og_site_name":"Taous Tours","article_modified_time":"2023-02-12T21:38:55+00:00","twitter_card":"summary_large_image","schema":{"@context":"https:\/\/schema.org","@graph":[{"@type":"WebPage","@id":"https:\/\/taous-tours.com\/fr\/fiches-dinformation\/","url":"https:\/\/taous-tours.com\/fr\/fiches-dinformation\/","name":"Fiches d'information - Taous Tours","isPartOf":{"@id":"https:\/\/taous-tours.com\/fr\/#website"},"datePublished":"2023-02-12T18:36:20+00:00","dateModified":"2023-02-12T21:38:55+00:00","breadcrumb":{"@id":"https:\/\/taous-tours.com\/fr\/fiches-dinformation\/#breadcrumb"},"inLanguage":"fr-FR","potentialAction":[{"@type":"ReadAction","target":["https:\/\/taous-tours.com\/fr\/fiches-dinformation\/"]}]},{"@type":"BreadcrumbList","@id":"https:\/\/taous-tours.com\/fr\/fiches-dinformation\/#breadcrumb","itemListElement":[{"@type":"ListItem","position":1,"name":"Home","item":"https:\/\/taous-tours.com\/fr\/"},{"@type":"ListItem","position":2,"name":"Fiches d&rsquo;information"}]},{"@type":"WebSite","@id":"https:\/\/taous-tours.com\/fr\/#website","url":"https:\/\/taous-tours.com\/fr\/","name":"Taous Tours","description":"Discover the Morrocon Beauty with our all-in Tours","publisher":{"@id":"https:\/\/taous-tours.com\/fr\/#organization"},"potentialAction":[{"@type":"SearchAction","target":{"@type":"EntryPoint","urlTemplate":"https:\/\/taous-tours.com\/fr\/?s={search_term_string}"},"query-input":{"@type":"PropertyValueSpecification","valueRequired":true,"valueName":"search_term_string"}}],"inLanguage":"fr-FR"},{"@type":"Organization","@id":"https:\/\/taous-tours.com\/fr\/#organization","name":"Taous Tours","url":"https:\/\/taous-tours.com\/fr\/","logo":{"@type":"ImageObject","inLanguage":"fr-FR","@id":"https:\/\/taous-tours.com\/fr\/#\/schema\/logo\/image\/","url":"https:\/\/taous-tours.com\/wp-content\/uploads\/2020\/12\/4444-removebg-preview.png","contentUrl":"https:\/\/taous-tours.com\/wp-content\/uploads\/2020\/12\/4444-removebg-preview.png","width":645,"height":387,"caption":"Taous Tours"},"image":{"@id":"https:\/\/taous-tours.com\/fr\/#\/schema\/logo\/image\/"}}]}},"_links":{"self":[{"href":"https:\/\/taous-tours.com\/fr\/wp-json\/wp\/v2\/pages\/1638","targetHints":{"allow":["GET"]}}],"collection":[{"href":"https:\/\/taous-tours.com\/fr\/wp-json\/wp\/v2\/pages"}],"about":[{"href":"https:\/\/taous-tours.com\/fr\/wp-json\/wp\/v2\/types\/page"}],"author":[{"embeddable":true,"href":"https:\/\/taous-tours.com\/fr\/wp-json\/wp\/v2\/users\/1"}],"replies":[{"embeddable":true,"href":"https:\/\/taous-tours.com\/fr\/wp-json\/wp\/v2\/comments?post=1638"}],"version-history":[{"count":1,"href":"https:\/\/taous-tours.com\/fr\/wp-json\/wp\/v2\/pages\/1638\/revisions"}],"predecessor-version":[{"id":1641,"href":"https:\/\/taous-tours.com\/fr\/wp-json\/wp\/v2\/pages\/1638\/revisions\/1641"}],"wp:attachment":[{"href":"https:\/\/taous-tours.com\/fr\/wp-json\/wp\/v2\/media?parent=1638"}],"curies":[{"name":"wp","href":"https:\/\/api.w.org\/{rel}","templated":true}]}}