{"id":1633,"date":"2023-02-12T18:32:21","date_gmt":"2023-02-12T18:32:21","guid":{"rendered":"https:\/\/taous-tours.com\/formulaire-dinformation-standard-pour-les-contrats-de-voyage-a-forfait\/"},"modified":"2023-02-12T18:32:24","modified_gmt":"2023-02-12T18:32:24","slug":"formulaire-dinformation-standard-pour-les-contrats-de-voyage-a-forfait","status":"publish","type":"page","link":"https:\/\/taous-tours.com\/fr\/formulaire-dinformation-standard-pour-les-contrats-de-voyage-a-forfait\/","title":{"rendered":"Formulaire d&rsquo;information standard pour les contrats de voyage \u00e0 forfait"},"content":{"rendered":"<h3><\/h3>\n<h3>Formulaire d&rsquo;information standard pour les contrats de voyage \u00e0 forfait<\/h3>\n<p>La combinaison de services de voyage qui vous est propos\u00e9e est un voyage \u00e0 forfait au sens de la directive (UE) 2015\/2302, transpos\u00e9e par la loi du 21 novembre 2017 relative \u00e0 la vente de voyages \u00e0 forfait, d&rsquo;arrangements de voyage li\u00e9s et de services de voyage.<br \/>\nPar cons\u00e9quent, vous pouvez faire valoir tous les droits de l&rsquo;UE applicables aux vacances \u00e0 forfait. J&amp;P Travel est enti\u00e8rement responsable de la bonne ex\u00e9cution de l&rsquo;ensemble du forfait vacances. J&amp;P Travel dispose \u00e9galement de la protection l\u00e9gale n\u00e9cessaire pour vous rembourser et,<br \/>\nsi le transport est inclus dans le forfait vacances, de le rapatrier au cas o\u00f9 il deviendrait insolvable.<\/p>\n<p><strong>Droits fondamentaux en vertu de la directive (UE) 2015\/2302<\/strong><\/p>\n<p style=\"padding-left: 40px;\">&#8211; Avant de conclure le contrat de vacances \u00e0 forfait, le voyageur recevra toutes les informations essentielles concernant le voyage \u00e0 forfait.<br \/>\n&#8211; La responsabilit\u00e9 de la bonne ex\u00e9cution de tous les services de voyage inclus dans le contrat incombe toujours \u00e0 au moins un professionnel.<br \/>\n&#8211; Le voyageur recevra un num\u00e9ro de t\u00e9l\u00e9phone d&rsquo;urgence ou les coordonn\u00e9es d&rsquo;un point de contact par lequel il pourra contacter l&rsquo;organisateur ou l&rsquo;agent de voyage.<br \/>\n&#8211; Le voyageur peut transf\u00e9rer le voyage \u00e0 forfait \u00e0 une autre personne, moyennant un d\u00e9lai raisonnable et, le cas \u00e9ch\u00e9ant, le paiement de frais suppl\u00e9mentaires.<br \/>\n&#8211; Le prix du voyage \u00e0 forfait ne peut \u00eatre augment\u00e9 que si des co\u00fbts sp\u00e9cifiques augmentent (par exemple, le prix du carburant), si cela est express\u00e9ment pr\u00e9vu dans le contrat, et en tout cas au plus tard 20 jours avant le d\u00e9but du voyage \u00e0 forfait. Si l&rsquo;augmentation du prix d\u00e9passe 8 % du prix du forfait vacances, le voyageur peut annuler le contrat. Si l&rsquo;organisateur se r\u00e9serve le droit d&rsquo;augmenter le prix, le voyageur a droit \u00e0 une r\u00e9duction du prix si les co\u00fbts correspondants diminuent.<br \/>\n&#8211; Si l&rsquo;un des \u00e9l\u00e9ments essentiels du voyage \u00e0 forfait, \u00e0 l&rsquo;exception du prix, est modifi\u00e9 de mani\u00e8re significative, le voyageur peut annuler le contrat sans payer de frais d&rsquo;annulation et recevra un remboursement int\u00e9gral. Si le professionnel responsable du voyage \u00e0 forfait annule le voyage \u00e0 forfait avant son d\u00e9but, le voyageur a droit \u00e0 un remboursement et, le cas \u00e9ch\u00e9ant, \u00e0 une indemnisation.<br \/>\n&#8211; Le voyageur peut annuler le contrat dans des circonstances exceptionnelles, sans paiement de frais d&rsquo;annulation, avant le d\u00e9but du voyage \u00e0 forfait, par exemple en cas de graves probl\u00e8mes de s\u00e9curit\u00e9 \u00e0 la destination, susceptibles d&rsquo;affecter son voyage \u00e0 forfait.<br \/>\n&#8211; En outre, le voyageur peut annuler le contrat \u00e0 tout moment avant le d\u00e9but du voyage \u00e0 forfait moyennant le paiement de frais d&rsquo;annulation appropri\u00e9s et justifi\u00e9s.<br \/>\n&#8211; Si, apr\u00e8s le d\u00e9but du voyage \u00e0 forfait, des \u00e9l\u00e9ments importants du voyage \u00e0 forfait ne peuvent \u00eatre fournis comme convenu, un autre forfait appropri\u00e9 doit \u00eatre propos\u00e9 au voyageur sans frais suppl\u00e9mentaires. Si les services ne sont pas ex\u00e9cut\u00e9s conform\u00e9ment au contrat et que cela affecte sensiblement le d\u00e9roulement du voyage \u00e0 forfait et que l&rsquo;organisateur n&rsquo;a pas rem\u00e9di\u00e9 \u00e0 ce probl\u00e8me, le voyageur peut r\u00e9silier le contrat de voyage \u00e0 forfait sans payer de frais d&rsquo;annulation.<br \/>\n&#8211; En cas de services de voyage non ex\u00e9cut\u00e9s ou mal ex\u00e9cut\u00e9s, le voyageur a \u00e9galement droit \u00e0 une r\u00e9duction du prix et\/ou \u00e0 une indemnisation.<br \/>\n&#8211; L&rsquo;organisateur est tenu de pr\u00eater assistance aux voyageurs en difficult\u00e9.<br \/>\n&#8211; Si l&rsquo;organisateur ou le revendeur devient insolvable, les montants vers\u00e9s seront rembours\u00e9s. Si l&rsquo;insolvabilit\u00e9 de l&rsquo;organisateur ou, le cas \u00e9ch\u00e9ant, du d\u00e9taillant survient apr\u00e8s le d\u00e9but du voyage \u00e0 forfait et que le transport est inclus dans le voyage ou le s\u00e9jour, le rapatriement du voyageur est assur\u00e9. J&amp;P Travel a obtenu la protection contre l&rsquo;insolvabilit\u00e9 du Fonds de garantie des voyages. Si les services ne sont pas fournis en raison de l&rsquo;insolvabilit\u00e9 de Voyages J&amp;P, les voyageurs peuvent contacter cette entit\u00e9 ou, le cas \u00e9ch\u00e9ant, l&rsquo;autorit\u00e9 comp\u00e9tente par l&rsquo;interm\u00e9diaire de Voyages Fonds de Garantie, Boulevard de la M\u00e9trologie 8, 1130 Bruxelles, t\u00e9l\u00e9phone : 02 240 68 00.<\/p>\n<p>La directive (UE) 2015\/2302,telle que transpos\u00e9e par la loi du 21 novembre 2017 relative \u00e0 la vente d&rsquo;<br \/>\nles vacances \u00e0 forfait, les arrangements de voyage li\u00e9s et les services de voyage :<\/p>\n<p>http:\/\/www.ejustice.just.fgov.be\/cgi_loi\/change_lg.pl?language=nl&#038;la=N&#038;cn=2017112104&#038;table_na<br \/>\nme=loi<\/p>\n","protected":false},"excerpt":{"rendered":"<p>Formulaire d&rsquo;information standard pour les contrats de voyage \u00e0 forfait La combinaison de services de voyage qui vous est propos\u00e9e est un voyage \u00e0 forfait au<span class=\"excerpt-hellip\"> [\u2026]<\/span><\/p>\n","protected":false},"author":1,"featured_media":0,"parent":0,"menu_order":0,"comment_status":"closed","ping_status":"closed","template":"","meta":{"footnotes":""},"class_list":["post-1633","page","type-page","status-publish","hentry"],"yoast_head":"<!-- This site is optimized with the Yoast SEO plugin v27.4 - https:\/\/yoast.com\/product\/yoast-seo-wordpress\/ -->\n<title>Formulaire d&#039;information standard pour les contrats de voyage \u00e0 forfait - Taous Tours<\/title>\n<meta name=\"robots\" content=\"index, follow, max-snippet:-1, max-image-preview:large, max-video-preview:-1\" \/>\n<link rel=\"canonical\" href=\"https:\/\/taous-tours.com\/fr\/formulaire-dinformation-standard-pour-les-contrats-de-voyage-a-forfait\/\" \/>\n<meta property=\"og:locale\" content=\"fr_FR\" \/>\n<meta property=\"og:type\" content=\"article\" \/>\n<meta property=\"og:title\" content=\"Formulaire d&#039;information standard pour les contrats de voyage \u00e0 forfait - Taous Tours\" \/>\n<meta property=\"og:description\" content=\"Formulaire d&rsquo;information standard pour les contrats de voyage \u00e0 forfait La combinaison de services de voyage qui vous est propos\u00e9e est un voyage \u00e0 forfait au [\u2026]\" \/>\n<meta property=\"og:url\" content=\"https:\/\/taous-tours.com\/fr\/formulaire-dinformation-standard-pour-les-contrats-de-voyage-a-forfait\/\" \/>\n<meta property=\"og:site_name\" content=\"Taous Tours\" \/>\n<meta property=\"article:modified_time\" content=\"2023-02-12T18:32:24+00:00\" \/>\n<meta name=\"twitter:card\" content=\"summary_large_image\" \/>\n<meta name=\"twitter:label1\" content=\"Dur\u00e9e de lecture estim\u00e9e\" \/>\n\t<meta name=\"twitter:data1\" content=\"4 minutes\" \/>\n<script type=\"application\/ld+json\" class=\"yoast-schema-graph\">{\"@context\":\"https:\\\/\\\/schema.org\",\"@graph\":[{\"@type\":\"WebPage\",\"@id\":\"https:\\\/\\\/taous-tours.com\\\/fr\\\/formulaire-dinformation-standard-pour-les-contrats-de-voyage-a-forfait\\\/\",\"url\":\"https:\\\/\\\/taous-tours.com\\\/fr\\\/formulaire-dinformation-standard-pour-les-contrats-de-voyage-a-forfait\\\/\",\"name\":\"Formulaire d'information standard pour les contrats de voyage \u00e0 forfait - Taous Tours\",\"isPartOf\":{\"@id\":\"https:\\\/\\\/taous-tours.com\\\/fr\\\/#website\"},\"datePublished\":\"2023-02-12T18:32:21+00:00\",\"dateModified\":\"2023-02-12T18:32:24+00:00\",\"breadcrumb\":{\"@id\":\"https:\\\/\\\/taous-tours.com\\\/fr\\\/formulaire-dinformation-standard-pour-les-contrats-de-voyage-a-forfait\\\/#breadcrumb\"},\"inLanguage\":\"fr-FR\",\"potentialAction\":[{\"@type\":\"ReadAction\",\"target\":[\"https:\\\/\\\/taous-tours.com\\\/fr\\\/formulaire-dinformation-standard-pour-les-contrats-de-voyage-a-forfait\\\/\"]}]},{\"@type\":\"BreadcrumbList\",\"@id\":\"https:\\\/\\\/taous-tours.com\\\/fr\\\/formulaire-dinformation-standard-pour-les-contrats-de-voyage-a-forfait\\\/#breadcrumb\",\"itemListElement\":[{\"@type\":\"ListItem\",\"position\":1,\"name\":\"Home\",\"item\":\"https:\\\/\\\/taous-tours.com\\\/fr\\\/\"},{\"@type\":\"ListItem\",\"position\":2,\"name\":\"Formulaire d&rsquo;information standard pour les contrats de voyage \u00e0 forfait\"}]},{\"@type\":\"WebSite\",\"@id\":\"https:\\\/\\\/taous-tours.com\\\/fr\\\/#website\",\"url\":\"https:\\\/\\\/taous-tours.com\\\/fr\\\/\",\"name\":\"Taous Tours\",\"description\":\"Discover the Morrocon Beauty with our all-in Tours\",\"publisher\":{\"@id\":\"https:\\\/\\\/taous-tours.com\\\/fr\\\/#organization\"},\"potentialAction\":[{\"@type\":\"SearchAction\",\"target\":{\"@type\":\"EntryPoint\",\"urlTemplate\":\"https:\\\/\\\/taous-tours.com\\\/fr\\\/?s={search_term_string}\"},\"query-input\":{\"@type\":\"PropertyValueSpecification\",\"valueRequired\":true,\"valueName\":\"search_term_string\"}}],\"inLanguage\":\"fr-FR\"},{\"@type\":\"Organization\",\"@id\":\"https:\\\/\\\/taous-tours.com\\\/fr\\\/#organization\",\"name\":\"Taous Tours\",\"url\":\"https:\\\/\\\/taous-tours.com\\\/fr\\\/\",\"logo\":{\"@type\":\"ImageObject\",\"inLanguage\":\"fr-FR\",\"@id\":\"https:\\\/\\\/taous-tours.com\\\/fr\\\/#\\\/schema\\\/logo\\\/image\\\/\",\"url\":\"https:\\\/\\\/taous-tours.com\\\/wp-content\\\/uploads\\\/2020\\\/12\\\/4444-removebg-preview.png\",\"contentUrl\":\"https:\\\/\\\/taous-tours.com\\\/wp-content\\\/uploads\\\/2020\\\/12\\\/4444-removebg-preview.png\",\"width\":645,\"height\":387,\"caption\":\"Taous Tours\"},\"image\":{\"@id\":\"https:\\\/\\\/taous-tours.com\\\/fr\\\/#\\\/schema\\\/logo\\\/image\\\/\"}}]}<\/script>\n<!-- \/ Yoast SEO plugin. -->","yoast_head_json":{"title":"Formulaire d'information standard pour les contrats de voyage \u00e0 forfait - Taous Tours","robots":{"index":"index","follow":"follow","max-snippet":"max-snippet:-1","max-image-preview":"max-image-preview:large","max-video-preview":"max-video-preview:-1"},"canonical":"https:\/\/taous-tours.com\/fr\/formulaire-dinformation-standard-pour-les-contrats-de-voyage-a-forfait\/","og_locale":"fr_FR","og_type":"article","og_title":"Formulaire d'information standard pour les contrats de voyage \u00e0 forfait - Taous Tours","og_description":"Formulaire d&rsquo;information standard pour les contrats de voyage \u00e0 forfait La combinaison de services de voyage qui vous est propos\u00e9e est un voyage \u00e0 forfait au [\u2026]","og_url":"https:\/\/taous-tours.com\/fr\/formulaire-dinformation-standard-pour-les-contrats-de-voyage-a-forfait\/","og_site_name":"Taous Tours","article_modified_time":"2023-02-12T18:32:24+00:00","twitter_card":"summary_large_image","twitter_misc":{"Dur\u00e9e de lecture estim\u00e9e":"4 minutes"},"schema":{"@context":"https:\/\/schema.org","@graph":[{"@type":"WebPage","@id":"https:\/\/taous-tours.com\/fr\/formulaire-dinformation-standard-pour-les-contrats-de-voyage-a-forfait\/","url":"https:\/\/taous-tours.com\/fr\/formulaire-dinformation-standard-pour-les-contrats-de-voyage-a-forfait\/","name":"Formulaire d'information standard pour les contrats de voyage \u00e0 forfait - Taous Tours","isPartOf":{"@id":"https:\/\/taous-tours.com\/fr\/#website"},"datePublished":"2023-02-12T18:32:21+00:00","dateModified":"2023-02-12T18:32:24+00:00","breadcrumb":{"@id":"https:\/\/taous-tours.com\/fr\/formulaire-dinformation-standard-pour-les-contrats-de-voyage-a-forfait\/#breadcrumb"},"inLanguage":"fr-FR","potentialAction":[{"@type":"ReadAction","target":["https:\/\/taous-tours.com\/fr\/formulaire-dinformation-standard-pour-les-contrats-de-voyage-a-forfait\/"]}]},{"@type":"BreadcrumbList","@id":"https:\/\/taous-tours.com\/fr\/formulaire-dinformation-standard-pour-les-contrats-de-voyage-a-forfait\/#breadcrumb","itemListElement":[{"@type":"ListItem","position":1,"name":"Home","item":"https:\/\/taous-tours.com\/fr\/"},{"@type":"ListItem","position":2,"name":"Formulaire d&rsquo;information standard pour les contrats de voyage \u00e0 forfait"}]},{"@type":"WebSite","@id":"https:\/\/taous-tours.com\/fr\/#website","url":"https:\/\/taous-tours.com\/fr\/","name":"Taous Tours","description":"Discover the Morrocon Beauty with our all-in Tours","publisher":{"@id":"https:\/\/taous-tours.com\/fr\/#organization"},"potentialAction":[{"@type":"SearchAction","target":{"@type":"EntryPoint","urlTemplate":"https:\/\/taous-tours.com\/fr\/?s={search_term_string}"},"query-input":{"@type":"PropertyValueSpecification","valueRequired":true,"valueName":"search_term_string"}}],"inLanguage":"fr-FR"},{"@type":"Organization","@id":"https:\/\/taous-tours.com\/fr\/#organization","name":"Taous Tours","url":"https:\/\/taous-tours.com\/fr\/","logo":{"@type":"ImageObject","inLanguage":"fr-FR","@id":"https:\/\/taous-tours.com\/fr\/#\/schema\/logo\/image\/","url":"https:\/\/taous-tours.com\/wp-content\/uploads\/2020\/12\/4444-removebg-preview.png","contentUrl":"https:\/\/taous-tours.com\/wp-content\/uploads\/2020\/12\/4444-removebg-preview.png","width":645,"height":387,"caption":"Taous Tours"},"image":{"@id":"https:\/\/taous-tours.com\/fr\/#\/schema\/logo\/image\/"}}]}},"_links":{"self":[{"href":"https:\/\/taous-tours.com\/fr\/wp-json\/wp\/v2\/pages\/1633","targetHints":{"allow":["GET"]}}],"collection":[{"href":"https:\/\/taous-tours.com\/fr\/wp-json\/wp\/v2\/pages"}],"about":[{"href":"https:\/\/taous-tours.com\/fr\/wp-json\/wp\/v2\/types\/page"}],"author":[{"embeddable":true,"href":"https:\/\/taous-tours.com\/fr\/wp-json\/wp\/v2\/users\/1"}],"replies":[{"embeddable":true,"href":"https:\/\/taous-tours.com\/fr\/wp-json\/wp\/v2\/comments?post=1633"}],"version-history":[{"count":1,"href":"https:\/\/taous-tours.com\/fr\/wp-json\/wp\/v2\/pages\/1633\/revisions"}],"predecessor-version":[{"id":1634,"href":"https:\/\/taous-tours.com\/fr\/wp-json\/wp\/v2\/pages\/1633\/revisions\/1634"}],"wp:attachment":[{"href":"https:\/\/taous-tours.com\/fr\/wp-json\/wp\/v2\/media?parent=1633"}],"curies":[{"name":"wp","href":"https:\/\/api.w.org\/{rel}","templated":true}]}}