{"id":1626,"date":"2023-02-12T18:27:22","date_gmt":"2023-02-12T18:27:22","guid":{"rendered":"https:\/\/taous-tours.com\/conditions-speciales-de-jp-travel-pour-les-voyages-individuels\/"},"modified":"2023-04-02T20:37:03","modified_gmt":"2023-04-02T20:37:03","slug":"conditions-speciales-de-jp-travel-pour-les-voyages-individuels","status":"publish","type":"page","link":"https:\/\/taous-tours.com\/fr\/conditions-speciales-de-jp-travel-pour-les-voyages-individuels\/","title":{"rendered":"Conditions sp\u00e9ciales J&amp;P Travel"},"content":{"rendered":"<h3><\/h3>\n<h3>Conditions sp\u00e9ciales J&amp;P Travel<\/h3>\n<p><strong>Conditions particuli\u00e8res de l&rsquo;organisateur<\/strong><\/p>\n<p>L&rsquo;organisateur est libre de d\u00e9terminer ses conditions particuli\u00e8res. Toutefois, ceux-ci ne peuvent jamais contredire les conditions g\u00e9n\u00e9rales ni la loi. Les conditions particuli\u00e8res servent \u00e9galement de notes explicatives aux conditions g\u00e9n\u00e9rales.<\/p>\n<p>Article 1 : Prix<\/p>\n<p style=\"padding-left: 40px;\">1. Le prix convenu dans le contrat de voyage \u00e0 forfait est &#8211; sauf erreur mat\u00e9rielle manifeste &#8211; fixe et tous les services qui y sont mentionn\u00e9s sont inclus.<br \/>\n2. Conform\u00e9ment \u00e0 la loi sur les voyages \u00e0 forfait, le prix d&rsquo;un voyage ne peut changer qu&rsquo;en raison d&rsquo;une augmentation du prix du carburant et\/ou d&rsquo;une modification importante du taux de change. Ces modifications peuvent \u00eatre factur\u00e9es au client conform\u00e9ment \u00e0 la loi sur les vacances \u00e0 forfait.<br \/>\n3. Les prix communiqu\u00e9s verbalement ou par t\u00e9l\u00e9phone par un agent de voyage ou par notre service de r\u00e9servation sont toujours sujets \u00e0 modification. Seules les confirmations de prix \u00e9crites sont valables.<\/p>\n<p>Article 2 : Paiement du montant du voyage<\/p>\n<p style=\"padding-left: 40px;\">Un acompte est vers\u00e9 lors de la r\u00e9servation du voyage, cet acompte d\u00e9pend du voyage et doit \u00eatre sur le compte de J&amp;P travel sept jours apr\u00e8s la date de r\u00e9servation. Vous trouverez le montant de la caution dans l&rsquo;e-mail de confirmation que vous recevrez de notre part apr\u00e8s avoir soumis la r\u00e9servation en ligne. Le montant de l&rsquo;avance figurera \u00e9galement sur le bon de commande. Le d\u00e9p\u00f4t doit \u00eatre sur le compte de J&amp;P Travel dans les sept jours. Vous payez le montant restant 1 mois avant le d\u00e9part.<\/p>\n<p>Article 3 : Annulation du contrat de voyage \u00e0 forfait<\/p>\n<p style=\"padding-left: 40px;\">1. Par le voyageur : Les voyageurs peuvent annuler leur r\u00e9servation \u00e0 tout moment apr\u00e8s la r\u00e9servation d\u00e9finitive, mais les frais de voyage doivent d&rsquo;abord \u00eatre pay\u00e9s en totalit\u00e9. Nous conseillons donc aux voyageurs de souscrire une assurance annulation suppl\u00e9mentaire. Dans cette optique, nous acceptons les substituts. L&rsquo;argent ne sera pas rembours\u00e9 tant qu&rsquo;un autre voyageur n&rsquo;aura pas \u00e9t\u00e9 d\u00e9finitivement et correctement enregistr\u00e9, c&rsquo;est-\u00e0-dire apr\u00e8s que le nouveau voyageur aura transf\u00e9r\u00e9 le montant correct sur le compte de J&amp;P Travel.<\/p>\n<p style=\"padding-left: 40px;\">Si vous ne trouvez pas de rempla\u00e7ants, nous appliquerons des frais de d\u00e9connexion d\u00e9termin\u00e9s comme suit :<\/p>\n<ul>\n<li>frais de dossier de 75\u20ac par personne<\/li>\n<li>Jusqu&rsquo;\u00e0 57 jours avant le d\u00e9part : 25% du montant du voyage par personne<\/li>\n<li>du 56e au 29e jour : 40% du montant du voyage par personne<\/li>\n<li>du 21\u00e8me au 15\u00e8me jour : 60% du montant du voyage par personne<\/li>\n<li>du 14\u00e8me au 8\u00e8me jour : 85% du montant du voyage par personne<\/li>\n<li>du 7 au jour du d\u00e9part : 100% du montant du voyage par personne (pas de frais de dossier)<\/li>\n<li>note : si l&rsquo;h\u00f4telier impose des frais plus \u00e9lev\u00e9s que ceux mentionn\u00e9s ci-dessus, ces frais plus \u00e9lev\u00e9s seront factur\u00e9s.<\/li>\n<\/ul>\n<p style=\"padding-left: 40px;\">  2 Compte tenu du caract\u00e8re aventureux et flexible du voyage &#8211; dont le voyageur est conscient &#8211; J&amp;P Travel cherchera, dans la mesure du possible, des solutions pour les changements de programme et les cons\u00e9quences de circonstances in\u00e9vitables et extraordinaires survenant \u00e0 destination. Si cette solution est conforme \u00e0 la nature du voyage, le voyageur n&rsquo;a pas droit \u00e0 l&rsquo;annulation sans frais. Les dispositions des conseils aux voyageurs du minist\u00e8re des Affaires \u00e9trang\u00e8res servent de guide \u00e0 cet \u00e9gard.<\/p>\n<p>Article 4 : Formalit\u00e9s<\/p>\n<p style=\"padding-left: 40px;\">1. Le voyageur doit confirmer qu&rsquo;il a pris connaissance des informations sur les formalit\u00e9s \u00e0 accomplir et la dur\u00e9e pour les obtenir qui lui ont \u00e9t\u00e9 communiqu\u00e9es dans le contrat de voyage \u00e0 forfait.<br \/>\n2. Les mineurs doivent \u00eatre munis d&rsquo;une carte d&rsquo;identit\u00e9 avec photo ou d&rsquo;un titre de transport international en cours de validit\u00e9 et doivent pr\u00e9senter des documents sur lesquels les parents donnent leur accord pour qu&rsquo;ils voyagent seuls, en indiquant la date d&rsquo;arriv\u00e9e et de d\u00e9part du pays concern\u00e9.<br \/>\n3. Une carte de cr\u00e9dit (pas de carte de d\u00e9bit ou de carte pr\u00e9pay\u00e9e) au nom du conducteur principal est exig\u00e9e pour la location de voitures et de camping-cars, et chaque conducteur mentionn\u00e9 dans le contrat doit \u00eatre titulaire d&rsquo;un permis de conduire valide (si n\u00e9cessaire en combinaison avec un permis de conduire international) pour le pays visit\u00e9.<br \/>\ndestination. Un permis de conduire international doit \u00eatre demand\u00e9 \u00e0 la municipalit\u00e9 en temps utile. Un permis de conduire international doit toujours \u00eatre combin\u00e9 avec un permis de conduire national en cours de validit\u00e9. Certaines destinations peuvent exiger d&rsquo;autres documents, qui seront communiqu\u00e9s au voyageur dans le contrat de voyage \u00e0 forfait).<br \/>\n4. Le voyageur doit se porter garant des vaccinations \u00e9ventuelles. J&amp;P Travel n&rsquo;ayant aucune autorit\u00e9 m\u00e9dicale, le voyageur doit \u00e9valuer les informations fournies avec un m\u00e9decin qualifi\u00e9. Les risques particuliers pour la sant\u00e9 (par exemple, diab\u00e8te, maladie cardiaque, asthme, allergies, probl\u00e8mes de dos, grossesse, \u00e9pilepsie&#8230;) doivent \u00eatre pris en compte.<br \/>\ndoivent \u00eatre signal\u00e9s \u00e0 J&amp;P Travel au moment de la demande et de la confirmation.<\/p>\n<p>Article 5 : Le programme de voyage<\/p>\n<p style=\"padding-left: 40px;\">1. Le transport vers et depuis l&rsquo;a\u00e9roport en Belgique, aux Pays-Bas ou en Allemagne (selon l&rsquo;a\u00e9roport de d\u00e9part) doit \u00eatre organis\u00e9 par le voyageur.<br \/>\n2. Le voyageur confirme express\u00e9ment qu&rsquo;il est conscient du caract\u00e8re aventureux du voyage, de son \u00e9ventuelle absence et des possibles changements de programme dus aux circonstances locales dans le pays visit\u00e9.<br \/>\n3. Le programme de voyage est d\u00e9crit dans les informations pr\u00e9contractuelles faisant partie du contrat de voyage \u00e0 forfait.<br \/>\n4. Les photographies figurant dans les brochures et sur le site web sont illustratives et ne font pas partie du contrat.<br \/>\n5. Le contenu et le d\u00e9roulement du programme de voyage peuvent \u00eatre modifi\u00e9s \u00e0 tout moment en raison de circonstances impr\u00e9vues \u00e9chappant au contr\u00f4le de J&amp;P Travel (\u00e9tat des routes, conditions m\u00e9t\u00e9orologiques, catastrophes naturelles, troubles politiques ou instabilit\u00e9, cas de force majeure, annulation ou double r\u00e9servation par les h\u00f4teliers). J&amp;P Travel et ses mandataires feront toujours le n\u00e9cessaire pour permettre au programme de se d\u00e9rouler dans la mesure du possible.<br \/>\n6. Les circonstances impr\u00e9vues et\/ou de force majeure (conditions m\u00e9t\u00e9orologiques, panne de voiture, annulation ou double r\u00e9servation par les h\u00f4teliers, etc.) affectant le d\u00e9roulement du voyage ne peuvent jamais \u00eatre r\u00e9cup\u00e9r\u00e9es aupr\u00e8s de l&rsquo;organisation.<\/p>\n<p>Article 6 : Responsabilit\u00e9<\/p>\n<p style=\"padding-left: 40px;\">1. J&amp;P Travel n&rsquo;est pas responsable de la bonne ex\u00e9cution de la prestation totale du voyage si le voyageur ne r\u00e9serve pas l&rsquo;ensemble du forfait aupr\u00e8s de J&amp;P Travel. Les excursions et autres services r\u00e9serv\u00e9s sur place ne rel\u00e8vent pas de la responsabilit\u00e9 de J&amp;P Travel. Celui qui inscrit d&rsquo;autres participants est responsable du respect des conditions g\u00e9n\u00e9rales et particuli\u00e8res par les personnes qu&rsquo;il a inscrites. Le voyageur est tenu, au moment de la r\u00e9servation, de communiquer \u00e0 J&amp;P Travel toutes les informations n\u00e9cessaires relatives au voyage. Tels que la sant\u00e9 physique et mentale, les allergies, les habitudes alimentaires sp\u00e9cifiques, la nationalit\u00e9, l&rsquo;\u00e2ge exact des enfants au moment du voyage,&#8230; J&amp;P Travel n&rsquo;est pas responsable de l&rsquo;omission ou de la communication incorrecte de ces informations. Les frais qui en d\u00e9coulent sont \u00e0 la charge du voyageur. Celui qui inscrit d&rsquo;autres participants est responsable du respect des Conditions g\u00e9n\u00e9rales et particuli\u00e8res par ceux qu&rsquo;il inscrit.<br \/>\n2. Vous entreprenez ce voyage \u00e0 vos propres risques, J&amp;P Travel ne peut \u00eatre tenu responsable des accidents qui pourraient survenir.<br \/>\n3. J&amp;P Travel ne peut \u00eatre tenu pour responsable des actes ou d\u00e9clarations des participants au cours du voyage qui pourraient donner lieu \u00e0 des poursuites judiciaires.<\/p>\n<p>Article 7 : Bagages<\/p>\n<p style=\"padding-left: 40px;\">1. J&amp;P travel n&rsquo;est pas responsable des bagages perdus, vol\u00e9s ou endommag\u00e9s. Toutefois, la responsabilit\u00e9 potentielle du transporteur ou de l&rsquo;h\u00f4tel demeure.<br \/>\n2. Si un bagage est perdu ou endommag\u00e9, le voyageur doit remplir un rapport d&rsquo;irr\u00e9gularit\u00e9 mat\u00e9rielle au service des bagages perdus de l&rsquo;a\u00e9roport. Sans ce document, il est impossible d&rsquo;obtenir une indemnisation. Une plainte officielle doit \u00e9galement \u00eatre d\u00e9pos\u00e9e aupr\u00e8s de la compagnie a\u00e9rienne concern\u00e9e dans les 7 jours.<br \/>\n3. Les conseils sur le poids autoris\u00e9 des bagages doivent \u00eatre suivis. Les frais suppl\u00e9mentaires \u00e9ventuels li\u00e9s \u00e0 l&rsquo;exc\u00e9dent de poids sont \u00e0 la charge du voyageur Article 8 : Horaires des transporteurs. Les horaires des transporteurs sont donn\u00e9s \u00e0 titre indicatif. Le voyageur doit noter en toutes circonstances que celles-ci peuvent \u00eatre modifi\u00e9es avant et pendant le voyage.<\/p>\n<p>Article 9 : Proc\u00e9dure de plainte<\/p>\n<p style=\"padding-left: 40px;\">1. En premier lieu, le participant doit contacter J&amp;P Travel s&rsquo;il n&rsquo;est pas satisfait de toute non-conformit\u00e9 rencontr\u00e9e lors de l&rsquo;ex\u00e9cution du contrat de voyage \u00e0 forfait via +32456365752 ou info@jptravel.be.<br \/>\n2. Tous les accords sont r\u00e9gis exclusivement par le droit belge.<\/p>\n<p>Article 10 : Voitures de location et mat\u00e9riel de camping<\/p>\n<p style=\"padding-left: 40px;\">1. Pour un certain nombre de voyages, J&amp;P Travel met \u00e0 la disposition des voyageurs des voitures de location et du mat\u00e9riel de camping. Les voyageurs doivent prendre soin de ce mat\u00e9riel comme un bon p\u00e8re de famille. Les amendes de circulation et les dommages intentionnels sont donc \u00e0 la charge des passagers.<br \/>\n2. L&rsquo;assurance tous risques est toujours incluse, mais sur certains voyages avec des voitures de location, il y a une franchise par sinistre et\/ou tous les dommages ne sont pas couverts par l&rsquo;assurance. Cette exemption ou ces dommages non couverts seront \u00e0 la charge des passagers.<\/p>\n<p>Article 11 : \u00c2ge et nom<\/p>\n<p style=\"padding-left: 40px;\">1. L&rsquo;\u00e2ge minimum pour nos voyages en solo est de 18 ans.<br \/>\n2. Lors de l&rsquo;enregistrement, les voyageurs doivent fournir les d\u00e9tails du nom figurant sur leurs documents d&rsquo;identit\u00e9 officiels. Si une erreur entra\u00eene des frais suppl\u00e9mentaires (billet, permis), ceux-ci seront \u00e0 la charge du voyageur.<\/p>\n<p>Article 12 : Mat\u00e9riel photographique et t\u00e9moignages<\/p>\n<p style=\"padding-left: 40px;\">1. Les photos prises lors d&rsquo;un voyage de J&amp;P Travel peuvent \u00eatre utilis\u00e9es dans les communications de J&amp;P Travel. Il peut s&rsquo;agir de photos mettant en sc\u00e8ne des voyageurs. Si le voyageur ne le souhaite pas, il peut le notifier par courrier recommand\u00e9 avant le d\u00e9part \u00e0 : J&amp;P Travel Ladderstraat 10, 3620 Lanaken ou par t\u00e9l\u00e9phone au +32456365752<br \/>\nLes t\u00e9moignages, anonymes ou nominatifs, tels que not\u00e9s dans les formulaires de commentaires, peuvent \u00eatre utilis\u00e9s dans les communications de J&amp;P Travel. Si le voyageur ne le souhaite pas, il doit le signaler express\u00e9ment \u00e0 cet endroit.<\/p>\n","protected":false},"excerpt":{"rendered":"<p>Conditions sp\u00e9ciales J&amp;P Travel Conditions particuli\u00e8res de l&rsquo;organisateur L&rsquo;organisateur est libre de d\u00e9terminer ses conditions particuli\u00e8res. Toutefois, ceux-ci ne peuvent jamais contredire les conditions g\u00e9n\u00e9rales ni<span class=\"excerpt-hellip\"> [\u2026]<\/span><\/p>\n","protected":false},"author":1,"featured_media":0,"parent":0,"menu_order":0,"comment_status":"closed","ping_status":"closed","template":"","meta":{"footnotes":""},"class_list":["post-1626","page","type-page","status-publish","hentry"],"yoast_head":"<!-- This site is optimized with the Yoast SEO plugin v27.4 - https:\/\/yoast.com\/product\/yoast-seo-wordpress\/ -->\n<title>Conditions sp\u00e9ciales J&amp;P Travel - Taous Tours<\/title>\n<meta name=\"robots\" content=\"index, follow, max-snippet:-1, max-image-preview:large, max-video-preview:-1\" \/>\n<link rel=\"canonical\" href=\"https:\/\/taous-tours.com\/fr\/conditions-speciales-de-jp-travel-pour-les-voyages-individuels\/\" \/>\n<meta property=\"og:locale\" content=\"fr_FR\" \/>\n<meta property=\"og:type\" content=\"article\" \/>\n<meta property=\"og:title\" content=\"Conditions sp\u00e9ciales J&amp;P Travel - Taous Tours\" \/>\n<meta property=\"og:description\" content=\"Conditions sp\u00e9ciales J&amp;P Travel Conditions particuli\u00e8res de l&rsquo;organisateur L&rsquo;organisateur est libre de d\u00e9terminer ses conditions particuli\u00e8res. Toutefois, ceux-ci ne peuvent jamais contredire les conditions g\u00e9n\u00e9rales ni [\u2026]\" \/>\n<meta property=\"og:url\" content=\"https:\/\/taous-tours.com\/fr\/conditions-speciales-de-jp-travel-pour-les-voyages-individuels\/\" \/>\n<meta property=\"og:site_name\" content=\"Taous Tours\" \/>\n<meta property=\"article:modified_time\" content=\"2023-04-02T20:37:03+00:00\" \/>\n<meta name=\"twitter:card\" content=\"summary_large_image\" \/>\n<meta name=\"twitter:label1\" content=\"Dur\u00e9e de lecture estim\u00e9e\" \/>\n\t<meta name=\"twitter:data1\" content=\"9 minutes\" \/>\n<script type=\"application\/ld+json\" class=\"yoast-schema-graph\">{\"@context\":\"https:\\\/\\\/schema.org\",\"@graph\":[{\"@type\":\"WebPage\",\"@id\":\"https:\\\/\\\/taous-tours.com\\\/fr\\\/conditions-speciales-de-jp-travel-pour-les-voyages-individuels\\\/\",\"url\":\"https:\\\/\\\/taous-tours.com\\\/fr\\\/conditions-speciales-de-jp-travel-pour-les-voyages-individuels\\\/\",\"name\":\"Conditions sp\u00e9ciales J&amp;P Travel - Taous Tours\",\"isPartOf\":{\"@id\":\"https:\\\/\\\/taous-tours.com\\\/fr\\\/#website\"},\"datePublished\":\"2023-02-12T18:27:22+00:00\",\"dateModified\":\"2023-04-02T20:37:03+00:00\",\"breadcrumb\":{\"@id\":\"https:\\\/\\\/taous-tours.com\\\/fr\\\/conditions-speciales-de-jp-travel-pour-les-voyages-individuels\\\/#breadcrumb\"},\"inLanguage\":\"fr-FR\",\"potentialAction\":[{\"@type\":\"ReadAction\",\"target\":[\"https:\\\/\\\/taous-tours.com\\\/fr\\\/conditions-speciales-de-jp-travel-pour-les-voyages-individuels\\\/\"]}]},{\"@type\":\"BreadcrumbList\",\"@id\":\"https:\\\/\\\/taous-tours.com\\\/fr\\\/conditions-speciales-de-jp-travel-pour-les-voyages-individuels\\\/#breadcrumb\",\"itemListElement\":[{\"@type\":\"ListItem\",\"position\":1,\"name\":\"Home\",\"item\":\"https:\\\/\\\/taous-tours.com\\\/fr\\\/\"},{\"@type\":\"ListItem\",\"position\":2,\"name\":\"Conditions sp\u00e9ciales J&amp;P Travel\"}]},{\"@type\":\"WebSite\",\"@id\":\"https:\\\/\\\/taous-tours.com\\\/fr\\\/#website\",\"url\":\"https:\\\/\\\/taous-tours.com\\\/fr\\\/\",\"name\":\"Taous Tours\",\"description\":\"Discover the Morrocon Beauty with our all-in Tours\",\"publisher\":{\"@id\":\"https:\\\/\\\/taous-tours.com\\\/fr\\\/#organization\"},\"potentialAction\":[{\"@type\":\"SearchAction\",\"target\":{\"@type\":\"EntryPoint\",\"urlTemplate\":\"https:\\\/\\\/taous-tours.com\\\/fr\\\/?s={search_term_string}\"},\"query-input\":{\"@type\":\"PropertyValueSpecification\",\"valueRequired\":true,\"valueName\":\"search_term_string\"}}],\"inLanguage\":\"fr-FR\"},{\"@type\":\"Organization\",\"@id\":\"https:\\\/\\\/taous-tours.com\\\/fr\\\/#organization\",\"name\":\"Taous Tours\",\"url\":\"https:\\\/\\\/taous-tours.com\\\/fr\\\/\",\"logo\":{\"@type\":\"ImageObject\",\"inLanguage\":\"fr-FR\",\"@id\":\"https:\\\/\\\/taous-tours.com\\\/fr\\\/#\\\/schema\\\/logo\\\/image\\\/\",\"url\":\"https:\\\/\\\/taous-tours.com\\\/wp-content\\\/uploads\\\/2020\\\/12\\\/4444-removebg-preview.png\",\"contentUrl\":\"https:\\\/\\\/taous-tours.com\\\/wp-content\\\/uploads\\\/2020\\\/12\\\/4444-removebg-preview.png\",\"width\":645,\"height\":387,\"caption\":\"Taous Tours\"},\"image\":{\"@id\":\"https:\\\/\\\/taous-tours.com\\\/fr\\\/#\\\/schema\\\/logo\\\/image\\\/\"}}]}<\/script>\n<!-- \/ Yoast SEO plugin. -->","yoast_head_json":{"title":"Conditions sp\u00e9ciales J&amp;P Travel - Taous Tours","robots":{"index":"index","follow":"follow","max-snippet":"max-snippet:-1","max-image-preview":"max-image-preview:large","max-video-preview":"max-video-preview:-1"},"canonical":"https:\/\/taous-tours.com\/fr\/conditions-speciales-de-jp-travel-pour-les-voyages-individuels\/","og_locale":"fr_FR","og_type":"article","og_title":"Conditions sp\u00e9ciales J&amp;P Travel - Taous Tours","og_description":"Conditions sp\u00e9ciales J&amp;P Travel Conditions particuli\u00e8res de l&rsquo;organisateur L&rsquo;organisateur est libre de d\u00e9terminer ses conditions particuli\u00e8res. Toutefois, ceux-ci ne peuvent jamais contredire les conditions g\u00e9n\u00e9rales ni [\u2026]","og_url":"https:\/\/taous-tours.com\/fr\/conditions-speciales-de-jp-travel-pour-les-voyages-individuels\/","og_site_name":"Taous Tours","article_modified_time":"2023-04-02T20:37:03+00:00","twitter_card":"summary_large_image","twitter_misc":{"Dur\u00e9e de lecture estim\u00e9e":"9 minutes"},"schema":{"@context":"https:\/\/schema.org","@graph":[{"@type":"WebPage","@id":"https:\/\/taous-tours.com\/fr\/conditions-speciales-de-jp-travel-pour-les-voyages-individuels\/","url":"https:\/\/taous-tours.com\/fr\/conditions-speciales-de-jp-travel-pour-les-voyages-individuels\/","name":"Conditions sp\u00e9ciales J&amp;P Travel - Taous Tours","isPartOf":{"@id":"https:\/\/taous-tours.com\/fr\/#website"},"datePublished":"2023-02-12T18:27:22+00:00","dateModified":"2023-04-02T20:37:03+00:00","breadcrumb":{"@id":"https:\/\/taous-tours.com\/fr\/conditions-speciales-de-jp-travel-pour-les-voyages-individuels\/#breadcrumb"},"inLanguage":"fr-FR","potentialAction":[{"@type":"ReadAction","target":["https:\/\/taous-tours.com\/fr\/conditions-speciales-de-jp-travel-pour-les-voyages-individuels\/"]}]},{"@type":"BreadcrumbList","@id":"https:\/\/taous-tours.com\/fr\/conditions-speciales-de-jp-travel-pour-les-voyages-individuels\/#breadcrumb","itemListElement":[{"@type":"ListItem","position":1,"name":"Home","item":"https:\/\/taous-tours.com\/fr\/"},{"@type":"ListItem","position":2,"name":"Conditions sp\u00e9ciales J&amp;P Travel"}]},{"@type":"WebSite","@id":"https:\/\/taous-tours.com\/fr\/#website","url":"https:\/\/taous-tours.com\/fr\/","name":"Taous Tours","description":"Discover the Morrocon Beauty with our all-in Tours","publisher":{"@id":"https:\/\/taous-tours.com\/fr\/#organization"},"potentialAction":[{"@type":"SearchAction","target":{"@type":"EntryPoint","urlTemplate":"https:\/\/taous-tours.com\/fr\/?s={search_term_string}"},"query-input":{"@type":"PropertyValueSpecification","valueRequired":true,"valueName":"search_term_string"}}],"inLanguage":"fr-FR"},{"@type":"Organization","@id":"https:\/\/taous-tours.com\/fr\/#organization","name":"Taous Tours","url":"https:\/\/taous-tours.com\/fr\/","logo":{"@type":"ImageObject","inLanguage":"fr-FR","@id":"https:\/\/taous-tours.com\/fr\/#\/schema\/logo\/image\/","url":"https:\/\/taous-tours.com\/wp-content\/uploads\/2020\/12\/4444-removebg-preview.png","contentUrl":"https:\/\/taous-tours.com\/wp-content\/uploads\/2020\/12\/4444-removebg-preview.png","width":645,"height":387,"caption":"Taous Tours"},"image":{"@id":"https:\/\/taous-tours.com\/fr\/#\/schema\/logo\/image\/"}}]}},"_links":{"self":[{"href":"https:\/\/taous-tours.com\/fr\/wp-json\/wp\/v2\/pages\/1626","targetHints":{"allow":["GET"]}}],"collection":[{"href":"https:\/\/taous-tours.com\/fr\/wp-json\/wp\/v2\/pages"}],"about":[{"href":"https:\/\/taous-tours.com\/fr\/wp-json\/wp\/v2\/types\/page"}],"author":[{"embeddable":true,"href":"https:\/\/taous-tours.com\/fr\/wp-json\/wp\/v2\/users\/1"}],"replies":[{"embeddable":true,"href":"https:\/\/taous-tours.com\/fr\/wp-json\/wp\/v2\/comments?post=1626"}],"version-history":[{"count":4,"href":"https:\/\/taous-tours.com\/fr\/wp-json\/wp\/v2\/pages\/1626\/revisions"}],"predecessor-version":[{"id":1695,"href":"https:\/\/taous-tours.com\/fr\/wp-json\/wp\/v2\/pages\/1626\/revisions\/1695"}],"wp:attachment":[{"href":"https:\/\/taous-tours.com\/fr\/wp-json\/wp\/v2\/media?parent=1626"}],"curies":[{"name":"wp","href":"https:\/\/api.w.org\/{rel}","templated":true}]}}