{"id":1421,"date":"2022-08-13T07:50:49","date_gmt":"2022-08-13T07:50:49","guid":{"rendered":"https:\/\/taous-tours.com\/?page_id=1421"},"modified":"2023-03-18T22:15:58","modified_gmt":"2023-03-18T22:15:58","slug":"conditions-generales-dutilisation","status":"publish","type":"page","link":"https:\/\/taous-tours.com\/fr\/conditions-generales-dutilisation\/","title":{"rendered":"Conditions g\u00e9n\u00e9rales d&rsquo;utilisation"},"content":{"rendered":"<h3><\/h3>\n<h3><strong>Conditions g\u00e9n\u00e9rales de vente J&amp;P Travel BV<\/strong><\/h3>\n<p><strong>DROIT DE RENONCIATION<\/strong><\/p>\n<p>\u00c0 la demande du voyageur, l&rsquo;ex\u00e9cution du contrat est imm\u00e9diatement entam\u00e9e et les r\u00e9servations et confirmations n\u00e9cessaires sont imm\u00e9diatement effectu\u00e9es. Lors de l&rsquo;application de l&rsquo;article 80 \u00a7 4.1\u00b0 de la loi sur les pratiques commerciales et de ses d\u00e9crets d&rsquo;application, la r\u00e8gle suivante s&rsquo;applique : le consommateur n&rsquo;a PAS le droit de renoncer \u00e0 son achat.<\/p>\n<p><strong>I.Conditions g\u00e9n\u00e9rales de vente<\/strong><\/p>\n<p>1. G\u00e9n\u00e9ral<\/p>\n<p>Le bon de commande\/la confirmation de voyage\/la facture seront dans tous les cas consid\u00e9r\u00e9s comme la confirmation \u00e9crite du voyage r\u00e9serv\u00e9. L&rsquo;accord n&rsquo;entrera en vigueur qu&rsquo;apr\u00e8s cette confirmation \u00e9crite et sous r\u00e9serve de modifications des tarifs, des heures de d\u00e9part et d&rsquo;arriv\u00e9e, etc. J&amp;P travel n&rsquo;est pas responsable des documents d&rsquo;identit\u00e9 n\u00e9cessaires tels que les cartes de voyage, les visas, etc. qui doivent \u00eatre demand\u00e9s par le voyageur. J&amp;P Travel n&rsquo;est pas non plus responsable des vaccinations n\u00e9cessaires, etc. Les co\u00fbts \u00e9ventuels r\u00e9sultant d&rsquo;informations incorrectes sur la facture sign\u00e9e par le client ou sur le formulaire de commande rempli via le site web seront uniquement \u00e0 la charge du client.<\/p>\n<p>2. Paiement<\/p>\n<p>En cas de non-paiement du solde, J&amp;P Travel se r\u00e9serve le droit de ne pas d\u00e9livrer les documents de voyage. En effet, le non-paiement du solde sera consid\u00e9r\u00e9 comme une rupture de contrat par le voyageur conform\u00e9ment \u00e0 la loi du 21 novembre 2017 relative \u00e0 la vente de voyages \u00e0 forfait, d&rsquo;arrangements de voyage li\u00e9s et de services de voyage. L&rsquo;acompte reste acquis \u00e0 J&amp;P Travel et en cas d&rsquo;annulation par le voyageur, les frais doivent \u00eatre pay\u00e9s en totalit\u00e9 par le voyageur. En cas de non-paiement \u00e0 l&rsquo;\u00e9ch\u00e9ance, le prix sera major\u00e9 d&rsquo;une indemnit\u00e9 de 10% avec un minimum de 62 euros et ce de plein droit sans qu&rsquo;aucune mise en demeure ne soit n\u00e9cessaire. En outre et \u00e9galement sans qu&rsquo;aucune mise en demeure ne soit n\u00e9cessaire, un int\u00e9r\u00eat de 1% par mois sera d\u00fb. Chaque mois entam\u00e9 sera consid\u00e9r\u00e9 comme un mois complet.<\/p>\n<p>3. R\u00e9solution des litiges<\/p>\n<p>Les deux parties conviennent et reconnaissent que le lieu d&rsquo;ex\u00e9cution du contrat est le si\u00e8ge social du vendeur. Ils d\u00e9clarent et reconnaissent que tous les litiges relatifs \u00e0 ce bon de commande\/confirmation de voyage\/facture sont soumis au droit belge et conform\u00e9ment \u00e0 l&rsquo;art. 624, 2\u00b0 Ger Wb. Les litiges doivent \u00eatre soumis aux tribunaux de Malines.<\/p>\n<p>4. Fonds de garantie<\/p>\n<p>J&amp;P Travel est membre du Fonds de garantie. Celle-ci peut \u00eatre invoqu\u00e9e par le client en cas d&rsquo;insolvabilit\u00e9 financi\u00e8re.<\/p>\n<p>5. Donn\u00e9es personnelles<\/p>\n<p>Conform\u00e9ment aux dispositions de la l\u00e9gislation europ\u00e9enne sur la protection de la vie priv\u00e9e (GDPR) sur la protection de la vie priv\u00e9e en relation avec le traitement des donn\u00e9es personnelles : Les donn\u00e9es d&rsquo;identification personnelles sont trait\u00e9es par J&amp;P Travel dans le but de fournir les services pour lesquels le client s&rsquo;est inscrit aupr\u00e8s de J&amp;P Travel. En outre, J&amp;P Travel utilisera \u00e9galement ces donn\u00e9es pour proposer au client des informations sur d&rsquo;autres produits et services de J&amp;P Travel susceptibles de l&rsquo;int\u00e9resser. J&amp;P Travel utilisera les donn\u00e9es personnelles du client exclusivement aux fins susmentionn\u00e9es. J&amp;P Travel ne divulguera pas, ne vendra pas, ne louera pas et n&rsquo;\u00e9changera pas de donn\u00e9es personnelles avec d&rsquo;autres organisations ou entit\u00e9s, \u00e0 l&rsquo;exception des soci\u00e9t\u00e9s agissant en tant que processeurs de donn\u00e9es et agissant au nom et sous le contr\u00f4le de J&amp;P Travel. Cela peut \u00e9galement se faire si vous en avez \u00e9t\u00e9 inform\u00e9 au pr\u00e9alable et que vous y consentez express\u00e9ment, ou si la loi l&rsquo;exige. Le client a le droit d&rsquo;acc\u00e9der, de limiter et, si n\u00e9cessaire, de demander la rectification des donn\u00e9es erron\u00e9es. Les clients peuvent \u00e9galement s&rsquo;opposer au traitement futur de leurs donn\u00e9es personnelles \u00e0 des fins de marketing direct. Vous pouvez le faire en envoyant un courriel \u00e0 info@jptravel.be ou en \u00e9crivant \u00e0 J&amp;P Travel, Ladderstraat 10, 3620 Lanaken, Belgique. Avec chaque bulletin d&rsquo;information \u00e9lectronique, les clients ont la possibilit\u00e9 de se d\u00e9sabonner. Le site web de Taous Tours\/ J&amp;P Travel contient des liens vers d&rsquo;autres sites web non exploit\u00e9s par J&amp;P Travel. J&amp;P Travel n&rsquo;est donc pas responsable du respect de la vie priv\u00e9e.<br \/>\nles pratiques de ces sites web.<\/p>\n<p>6. Conditions particuli\u00e8res de vente<\/p>\n<p>Les conditions particuli\u00e8res de vente ci-dessous pr\u00e9valent sur les conditions g\u00e9n\u00e9rales de vente.<\/p>\n<p><strong>II.Conditions particuli\u00e8res de vente<\/strong><\/p>\n<p>1. Prix<\/p>\n<p>Le prix convenu est fixe, toutes les taxes sont incluses \u00e0 l&rsquo;exception des taxes d&rsquo;a\u00e9roport payables localement, sous r\u00e9serve d&rsquo;une augmentation des taux de change, des tarifs et\/ou des taxes des transporteurs. Si l&rsquo;augmentation du prix convenu d\u00e9passe 8 %, le voyageur peut, dans les huit jours suivant la notification qui lui est faite, r\u00e9silier le contrat. Dans ce cas, le voyageur n&rsquo;a droit qu&rsquo;au remboursement des montants d\u00e9j\u00e0 pay\u00e9s. Ce remboursement sera effectu\u00e9 dans le mois. Si la TVA et\/ou d&rsquo;autres taxes impos\u00e9es par le gouvernement changent avant le d\u00e9but du voyage, le prix global sera ajust\u00e9 en cons\u00e9quence.<\/p>\n<p>2. Paiement<\/p>\n<p>Avance<\/p>\n<p>Lors de l&rsquo;inscription \u00e0 un voyage, un paiement anticip\u00e9 est imm\u00e9diatement exig\u00e9 ; 30% de la somme totale. Enfin, ce montant appara\u00eetra \u00e9galement sur le bon de commande. En cas d&rsquo;inscription dans le mois pr\u00e9c\u00e9dant le d\u00e9part, le prix total du voyage doit \u00eatre pay\u00e9 imm\u00e9diatement.<\/p>\n<p>Balance<\/p>\n<p>Sauf accord contraire sur le bon de commande\/la confirmation de voyage\/la facture, le voyageur doit payer le solde au plus tard 1 mois avant le d\u00e9part.<\/p>\n<p>3. Corona<\/p>\n<p>Si le voyage ne peut plus avoir lieu en raison de Corona (fermeture des fronti\u00e8res pour tout citoyen belge ou n\u00e9erlandais, interdiction de voyager dans le pays de destination ou obligations g\u00e9n\u00e9rales de quarantaine pour les personnes vaccin\u00e9es dans le pays de destination), nous offrons toujours la possibilit\u00e9 de reporter ou d&rsquo;annuler le voyage gratuitement. Notez que vous devez \u00eatre enti\u00e8rement vaccin\u00e9 pour entrer dans de nombreux pays. Pour l&rsquo;instant, le fait de ne pas \u00eatre vaccin\u00e9 n&rsquo;est jamais une raison valable d&rsquo;annulation. Si vous tombez malade vous-m\u00eame peu avant le d\u00e9part (y compris Corona), c&rsquo;est l&rsquo;assurance annulation qui rembourse le voyage. Il est de votre responsabilit\u00e9 de fournir ou non une assurance annulation. Veuillez noter qu&rsquo;en tant que voyageur, vous \u00eates toujours responsable de vous assurer que vous r\u00e9pondez aux exigences sanitaires et d&rsquo;entr\u00e9e des pays dans lesquels vous vous rendez et que vous disposez des documents de voyage n\u00e9cessaires. Compte tenu de l&rsquo;\u00e9volution rapide de la pand\u00e9mie, certains pays peuvent imposer des r\u00e8gles, des tests et\/ou des certificats suppl\u00e9mentaires peu avant le d\u00e9part. J&amp;P Travel ne peut \u00eatre tenu responsable des cons\u00e9quences ou des co\u00fbts suppl\u00e9mentaires \u00e9ventuels.<\/p>\n<p><strong>III Conditions particuli\u00e8res de vente J&amp;P Travel en tant que revendeur<\/strong><\/p>\n<p>1. Prix<\/p>\n<p>Les prix indiqu\u00e9s sont fix\u00e9s par les compagnies de transport ou les voyagistes et sont valables dans la limite des stocks disponibles pour le produit en question. Les offres et les prix communiqu\u00e9s verbalement par J&amp;P Travel sont toujours susceptibles d&rsquo;\u00eatre modifi\u00e9s.<\/p>\n<p>2. Annulation et modification par la compagnie de transport, le tour op\u00e9rateur ou l&rsquo;h\u00f4tel<\/p>\n<p>Si, pour quelque raison que ce soit, une ou plusieurs compagnies de transport ou tour-op\u00e9rateurs ou h\u00f4tels d\u00e9cident d&rsquo;annuler ou de modifier tout ou partie du voyage, J&amp;P Travel ne sera tenu de rembourser tout ou partie du voyage que s&rsquo;il a re\u00e7u un remboursement de la part des compagnies de transport ou tour-op\u00e9rateurs ou de l&rsquo;h\u00f4tel. En aucun cas, J&amp;P Travel ne sera tenu de verser une quelconque indemnit\u00e9. En cas d&rsquo;annulation d&rsquo;un h\u00f4tel, J&amp;P Travel cherchera toutefois une solution \u00e9quivalente.<\/p>\n<p>3. Annulation et modification par le voyageur<\/p>\n<p>1. En cas d&rsquo;annulation, les frais convenus contractuellement doivent \u00eatre pay\u00e9s par le voyageur dans tous les cas, m\u00eame si l&rsquo;annulation est due au hasard ou \u00e0 la force majeure.<\/p>\n<p>2. Pour conna\u00eetre les frais sp\u00e9cifiques d&rsquo;annulation et de modification, veuillez vous r\u00e9f\u00e9rer aux conditions sp\u00e9cifiques attach\u00e9es \u00e0 votre tarif.<\/p>\n<p>3. J&amp;P Travel facture des frais administratifs fixes en cas de modification et\/ou d&rsquo;annulation.<\/p>\n","protected":false},"excerpt":{"rendered":"<p>Conditions g\u00e9n\u00e9rales de vente J&amp;P Travel BV DROIT DE RENONCIATION \u00c0 la demande du voyageur, l&rsquo;ex\u00e9cution du contrat est imm\u00e9diatement entam\u00e9e et les r\u00e9servations et confirmations<span class=\"excerpt-hellip\"> [\u2026]<\/span><\/p>\n","protected":false},"author":1,"featured_media":0,"parent":0,"menu_order":0,"comment_status":"closed","ping_status":"open","template":"elementor_theme","meta":{"footnotes":""},"class_list":["post-1421","page","type-page","status-publish","hentry"],"yoast_head":"<!-- This site is optimized with the Yoast SEO plugin v27.4 - https:\/\/yoast.com\/product\/yoast-seo-wordpress\/ -->\n<title>Conditions g\u00e9n\u00e9rales d&#039;utilisation - Taous Tours<\/title>\n<meta name=\"robots\" content=\"index, follow, max-snippet:-1, max-image-preview:large, max-video-preview:-1\" \/>\n<link rel=\"canonical\" href=\"https:\/\/taous-tours.com\/fr\/conditions-generales-dutilisation\/\" \/>\n<meta property=\"og:locale\" content=\"fr_FR\" \/>\n<meta property=\"og:type\" content=\"article\" \/>\n<meta property=\"og:title\" content=\"Conditions g\u00e9n\u00e9rales d&#039;utilisation - Taous Tours\" \/>\n<meta property=\"og:description\" content=\"Conditions g\u00e9n\u00e9rales de vente J&amp;P Travel BV DROIT DE RENONCIATION \u00c0 la demande du voyageur, l&rsquo;ex\u00e9cution du contrat est imm\u00e9diatement entam\u00e9e et les r\u00e9servations et confirmations [\u2026]\" \/>\n<meta property=\"og:url\" content=\"https:\/\/taous-tours.com\/fr\/conditions-generales-dutilisation\/\" \/>\n<meta property=\"og:site_name\" content=\"Taous Tours\" \/>\n<meta property=\"article:modified_time\" content=\"2023-03-18T22:15:58+00:00\" \/>\n<meta name=\"twitter:card\" content=\"summary_large_image\" \/>\n<meta name=\"twitter:label1\" content=\"Dur\u00e9e de lecture estim\u00e9e\" \/>\n\t<meta name=\"twitter:data1\" content=\"8 minutes\" \/>\n<script type=\"application\/ld+json\" class=\"yoast-schema-graph\">{\"@context\":\"https:\\\/\\\/schema.org\",\"@graph\":[{\"@type\":\"WebPage\",\"@id\":\"https:\\\/\\\/taous-tours.com\\\/fr\\\/conditions-generales-dutilisation\\\/\",\"url\":\"https:\\\/\\\/taous-tours.com\\\/fr\\\/conditions-generales-dutilisation\\\/\",\"name\":\"Conditions g\u00e9n\u00e9rales d'utilisation - Taous Tours\",\"isPartOf\":{\"@id\":\"https:\\\/\\\/taous-tours.com\\\/fr\\\/#website\"},\"datePublished\":\"2022-08-13T07:50:49+00:00\",\"dateModified\":\"2023-03-18T22:15:58+00:00\",\"breadcrumb\":{\"@id\":\"https:\\\/\\\/taous-tours.com\\\/fr\\\/conditions-generales-dutilisation\\\/#breadcrumb\"},\"inLanguage\":\"fr-FR\",\"potentialAction\":[{\"@type\":\"ReadAction\",\"target\":[\"https:\\\/\\\/taous-tours.com\\\/fr\\\/conditions-generales-dutilisation\\\/\"]}]},{\"@type\":\"BreadcrumbList\",\"@id\":\"https:\\\/\\\/taous-tours.com\\\/fr\\\/conditions-generales-dutilisation\\\/#breadcrumb\",\"itemListElement\":[{\"@type\":\"ListItem\",\"position\":1,\"name\":\"Home\",\"item\":\"https:\\\/\\\/taous-tours.com\\\/fr\\\/\"},{\"@type\":\"ListItem\",\"position\":2,\"name\":\"Conditions g\u00e9n\u00e9rales d&rsquo;utilisation\"}]},{\"@type\":\"WebSite\",\"@id\":\"https:\\\/\\\/taous-tours.com\\\/fr\\\/#website\",\"url\":\"https:\\\/\\\/taous-tours.com\\\/fr\\\/\",\"name\":\"Taous Tours\",\"description\":\"Discover the Morrocon Beauty with our all-in Tours\",\"publisher\":{\"@id\":\"https:\\\/\\\/taous-tours.com\\\/fr\\\/#organization\"},\"potentialAction\":[{\"@type\":\"SearchAction\",\"target\":{\"@type\":\"EntryPoint\",\"urlTemplate\":\"https:\\\/\\\/taous-tours.com\\\/fr\\\/?s={search_term_string}\"},\"query-input\":{\"@type\":\"PropertyValueSpecification\",\"valueRequired\":true,\"valueName\":\"search_term_string\"}}],\"inLanguage\":\"fr-FR\"},{\"@type\":\"Organization\",\"@id\":\"https:\\\/\\\/taous-tours.com\\\/fr\\\/#organization\",\"name\":\"Taous Tours\",\"url\":\"https:\\\/\\\/taous-tours.com\\\/fr\\\/\",\"logo\":{\"@type\":\"ImageObject\",\"inLanguage\":\"fr-FR\",\"@id\":\"https:\\\/\\\/taous-tours.com\\\/fr\\\/#\\\/schema\\\/logo\\\/image\\\/\",\"url\":\"https:\\\/\\\/taous-tours.com\\\/wp-content\\\/uploads\\\/2020\\\/12\\\/4444-removebg-preview.png\",\"contentUrl\":\"https:\\\/\\\/taous-tours.com\\\/wp-content\\\/uploads\\\/2020\\\/12\\\/4444-removebg-preview.png\",\"width\":645,\"height\":387,\"caption\":\"Taous Tours\"},\"image\":{\"@id\":\"https:\\\/\\\/taous-tours.com\\\/fr\\\/#\\\/schema\\\/logo\\\/image\\\/\"}}]}<\/script>\n<!-- \/ Yoast SEO plugin. -->","yoast_head_json":{"title":"Conditions g\u00e9n\u00e9rales d'utilisation - Taous Tours","robots":{"index":"index","follow":"follow","max-snippet":"max-snippet:-1","max-image-preview":"max-image-preview:large","max-video-preview":"max-video-preview:-1"},"canonical":"https:\/\/taous-tours.com\/fr\/conditions-generales-dutilisation\/","og_locale":"fr_FR","og_type":"article","og_title":"Conditions g\u00e9n\u00e9rales d'utilisation - Taous Tours","og_description":"Conditions g\u00e9n\u00e9rales de vente J&amp;P Travel BV DROIT DE RENONCIATION \u00c0 la demande du voyageur, l&rsquo;ex\u00e9cution du contrat est imm\u00e9diatement entam\u00e9e et les r\u00e9servations et confirmations [\u2026]","og_url":"https:\/\/taous-tours.com\/fr\/conditions-generales-dutilisation\/","og_site_name":"Taous Tours","article_modified_time":"2023-03-18T22:15:58+00:00","twitter_card":"summary_large_image","twitter_misc":{"Dur\u00e9e de lecture estim\u00e9e":"8 minutes"},"schema":{"@context":"https:\/\/schema.org","@graph":[{"@type":"WebPage","@id":"https:\/\/taous-tours.com\/fr\/conditions-generales-dutilisation\/","url":"https:\/\/taous-tours.com\/fr\/conditions-generales-dutilisation\/","name":"Conditions g\u00e9n\u00e9rales d'utilisation - Taous Tours","isPartOf":{"@id":"https:\/\/taous-tours.com\/fr\/#website"},"datePublished":"2022-08-13T07:50:49+00:00","dateModified":"2023-03-18T22:15:58+00:00","breadcrumb":{"@id":"https:\/\/taous-tours.com\/fr\/conditions-generales-dutilisation\/#breadcrumb"},"inLanguage":"fr-FR","potentialAction":[{"@type":"ReadAction","target":["https:\/\/taous-tours.com\/fr\/conditions-generales-dutilisation\/"]}]},{"@type":"BreadcrumbList","@id":"https:\/\/taous-tours.com\/fr\/conditions-generales-dutilisation\/#breadcrumb","itemListElement":[{"@type":"ListItem","position":1,"name":"Home","item":"https:\/\/taous-tours.com\/fr\/"},{"@type":"ListItem","position":2,"name":"Conditions g\u00e9n\u00e9rales d&rsquo;utilisation"}]},{"@type":"WebSite","@id":"https:\/\/taous-tours.com\/fr\/#website","url":"https:\/\/taous-tours.com\/fr\/","name":"Taous Tours","description":"Discover the Morrocon Beauty with our all-in Tours","publisher":{"@id":"https:\/\/taous-tours.com\/fr\/#organization"},"potentialAction":[{"@type":"SearchAction","target":{"@type":"EntryPoint","urlTemplate":"https:\/\/taous-tours.com\/fr\/?s={search_term_string}"},"query-input":{"@type":"PropertyValueSpecification","valueRequired":true,"valueName":"search_term_string"}}],"inLanguage":"fr-FR"},{"@type":"Organization","@id":"https:\/\/taous-tours.com\/fr\/#organization","name":"Taous Tours","url":"https:\/\/taous-tours.com\/fr\/","logo":{"@type":"ImageObject","inLanguage":"fr-FR","@id":"https:\/\/taous-tours.com\/fr\/#\/schema\/logo\/image\/","url":"https:\/\/taous-tours.com\/wp-content\/uploads\/2020\/12\/4444-removebg-preview.png","contentUrl":"https:\/\/taous-tours.com\/wp-content\/uploads\/2020\/12\/4444-removebg-preview.png","width":645,"height":387,"caption":"Taous Tours"},"image":{"@id":"https:\/\/taous-tours.com\/fr\/#\/schema\/logo\/image\/"}}]}},"_links":{"self":[{"href":"https:\/\/taous-tours.com\/fr\/wp-json\/wp\/v2\/pages\/1421","targetHints":{"allow":["GET"]}}],"collection":[{"href":"https:\/\/taous-tours.com\/fr\/wp-json\/wp\/v2\/pages"}],"about":[{"href":"https:\/\/taous-tours.com\/fr\/wp-json\/wp\/v2\/types\/page"}],"author":[{"embeddable":true,"href":"https:\/\/taous-tours.com\/fr\/wp-json\/wp\/v2\/users\/1"}],"replies":[{"embeddable":true,"href":"https:\/\/taous-tours.com\/fr\/wp-json\/wp\/v2\/comments?post=1421"}],"version-history":[{"count":3,"href":"https:\/\/taous-tours.com\/fr\/wp-json\/wp\/v2\/pages\/1421\/revisions"}],"predecessor-version":[{"id":1688,"href":"https:\/\/taous-tours.com\/fr\/wp-json\/wp\/v2\/pages\/1421\/revisions\/1688"}],"wp:attachment":[{"href":"https:\/\/taous-tours.com\/fr\/wp-json\/wp\/v2\/media?parent=1421"}],"curies":[{"name":"wp","href":"https:\/\/api.w.org\/{rel}","templated":true}]}}