{"id":1182,"date":"2021-11-07T16:45:28","date_gmt":"2021-11-07T16:45:28","guid":{"rendered":"https:\/\/taous-tours.com\/circuits-au-depart-dagadir\/"},"modified":"2024-01-20T08:13:14","modified_gmt":"2024-01-20T08:13:14","slug":"circuits-au-depart-dagadir","status":"publish","type":"page","link":"https:\/\/taous-tours.com\/fr\/circuits-au-depart-dagadir\/","title":{"rendered":"Circuits au d\u00e9part d&rsquo;Agadir"},"content":{"rendered":"\t\t<div data-elementor-type=\"wp-page\" data-elementor-id=\"1182\" class=\"elementor elementor-1182 elementor-716\" data-elementor-post-type=\"page\">\n\t\t\t\t\t\t<section class=\"elementor-section elementor-top-section elementor-element elementor-element-397c054c elementor-section-boxed elementor-section-height-default elementor-section-height-default\" data-id=\"397c054c\" data-element_type=\"section\" data-e-type=\"section\" data-settings=\"{&quot;background_background&quot;:&quot;classic&quot;}\">\n\t\t\t\t\t\t<div class=\"elementor-container elementor-column-gap-wider\">\n\t\t\t\t\t<div class=\"elementor-column elementor-col-100 elementor-top-column elementor-element elementor-element-5b295236\" data-id=\"5b295236\" data-element_type=\"column\" data-e-type=\"column\">\n\t\t\t<div class=\"elementor-widget-wrap elementor-element-populated\">\n\t\t\t\t\t\t<div class=\"elementor-element elementor-element-176494f7 elementor-widget elementor-widget-text-editor\" data-id=\"176494f7\" data-element_type=\"widget\" data-e-type=\"widget\" data-widget_type=\"text-editor.default\">\n\t\t\t\t<div class=\"elementor-widget-container\">\n\t\t\t\t\t\t\t\t\t<h1 style=\"text-align: center;\"><span style=\"color: #ffffff;\">CIRCUITS au d\u00e9part d&rsquo;AGADIR<br \/><\/span><\/h1>\n\t\t\t\t\t\t\t\t<\/div>\n\t\t\t\t<\/div>\n\t\t\t\t\t<\/div>\n\t\t<\/div>\n\t\t\t\t\t<\/div>\n\t\t<\/section>\n\t\t\t\t<section class=\"elementor-section elementor-top-section elementor-element elementor-element-2b8af3ff elementor-section-content-middle elementor-section-boxed elementor-section-height-default elementor-section-height-default\" data-id=\"2b8af3ff\" data-element_type=\"section\" data-e-type=\"section\">\n\t\t\t\t\t\t<div class=\"elementor-container elementor-column-gap-wider\">\n\t\t\t\t\t<div class=\"elementor-column elementor-col-50 elementor-top-column elementor-element elementor-element-4296d94\" data-id=\"4296d94\" data-element_type=\"column\" data-e-type=\"column\">\n\t\t\t<div class=\"elementor-widget-wrap elementor-element-populated\">\n\t\t\t\t\t\t<div class=\"elementor-element elementor-element-23d6780 elementor-widget elementor-widget-text-editor\" data-id=\"23d6780\" data-element_type=\"widget\" data-e-type=\"widget\" data-widget_type=\"text-editor.default\">\n\t\t\t\t<div class=\"elementor-widget-container\">\n\t\t\t\t\t\t\t\t\t<p><span class=\"themecolor\"><span style=\"color: #d47e38;\">&#8211;<\/span><\/span> Pr\u00eat \u00e0 partir<\/p>\n\t\t\t\t\t\t\t\t<\/div>\n\t\t\t\t<\/div>\n\t\t\t\t<div class=\"elementor-element elementor-element-51f8ff81 elementor-widget elementor-widget-text-editor\" data-id=\"51f8ff81\" data-element_type=\"widget\" data-e-type=\"widget\" data-widget_type=\"text-editor.default\">\n\t\t\t\t<div class=\"elementor-widget-container\">\n\t\t\t\t\t\t\t\t\t<h4><span class=\"VIiyi\" lang=\"nl\"><span class=\"JLqJ4b ChMk0b\" data-language-for-alternatives=\"nl\" data-language-to-translate-into=\"en\" data-phrase-index=\"0\" data-number-of-phrases=\"7\">D\u00e9couvrez nos circuits aventure !<\/span> <\/span><\/h4>\n<p><span class=\"VIiyi\" lang=\"nl\"><span class=\"JLqJ4b ChMk0b\" data-language-for-alternatives=\"nl\" data-language-to-translate-into=\"en\" data-phrase-index=\"2\" data-number-of-phrases=\"7\">N&rsquo;h\u00e9sitez pas \u00e0 nous contacter pour plus d&rsquo;informations, tarifs,\u2026.<\/span><\/span><\/p>\n<p><span class=\"VIiyi\" lang=\"nl\"> <span class=\"JLqJ4b ChMk0b\" data-language-for-alternatives=\"nl\" data-language-to-translate-into=\"en\" data-phrase-index=\"4\" data-number-of-phrases=\"7\">Nous sommes flexibles, nous pouvons donc transformer n&rsquo;importe quelle visite en vos vacances de r\u00eave.<\/span> <\/span><\/p>\n<p><span class=\"VIiyi\" lang=\"nl\"><span class=\"JLqJ4b ChMk0b\" data-language-for-alternatives=\"nl\" data-language-to-translate-into=\"en\" data-phrase-index=\"6\" data-number-of-phrases=\"7\">Tous nos circuits peuvent commencer \u00e0 Marrakech, Agadir, Casablanca ou encore Ouarzazate !<\/span><\/span><\/p>\n\t\t\t\t\t\t\t\t<\/div>\n\t\t\t\t<\/div>\n\t\t\t\t\t<\/div>\n\t\t<\/div>\n\t\t\t\t<div class=\"elementor-column elementor-col-50 elementor-top-column elementor-element elementor-element-7d9fe5f8\" data-id=\"7d9fe5f8\" data-element_type=\"column\" data-e-type=\"column\">\n\t\t\t<div class=\"elementor-widget-wrap elementor-element-populated\">\n\t\t\t\t\t\t<div class=\"elementor-element elementor-element-7fcd9b5 elementor-invisible elementor-widget elementor-widget-image\" data-id=\"7fcd9b5\" data-element_type=\"widget\" data-e-type=\"widget\" data-settings=\"{&quot;_animation&quot;:&quot;zoomIn&quot;}\" data-widget_type=\"image.default\">\n\t\t\t\t<div class=\"elementor-widget-container\">\n\t\t\t\t\t\t\t\t\t\t\t\t\t\t\t<img fetchpriority=\"high\" decoding=\"async\" width=\"645\" height=\"387\" src=\"https:\/\/taous-tours.com\/wp-content\/uploads\/2020\/12\/4444-removebg-preview.png\" class=\"attachment-large size-large wp-image-1056\" alt=\"\" srcset=\"https:\/\/taous-tours.com\/wp-content\/uploads\/2020\/12\/4444-removebg-preview.png 645w, https:\/\/taous-tours.com\/wp-content\/uploads\/2020\/12\/4444-removebg-preview-300x180.png 300w, https:\/\/taous-tours.com\/wp-content\/uploads\/2020\/12\/4444-removebg-preview-243x146.png 243w, https:\/\/taous-tours.com\/wp-content\/uploads\/2020\/12\/4444-removebg-preview-50x30.png 50w, https:\/\/taous-tours.com\/wp-content\/uploads\/2020\/12\/4444-removebg-preview-125x75.png 125w\" sizes=\"(max-width:767px) 480px, 645px\" \/>\t\t\t\t\t\t\t\t\t\t\t\t\t\t\t<\/div>\n\t\t\t\t<\/div>\n\t\t\t\t<section class=\"elementor-section elementor-inner-section elementor-element elementor-element-554b9fc1 elementor-section-boxed elementor-section-height-default elementor-section-height-default\" data-id=\"554b9fc1\" data-element_type=\"section\" data-e-type=\"section\">\n\t\t\t\t\t\t<div class=\"elementor-container elementor-column-gap-default\">\n\t\t\t\t\t<div class=\"elementor-column elementor-col-100 elementor-inner-column elementor-element elementor-element-18a80a91\" data-id=\"18a80a91\" data-element_type=\"column\" data-e-type=\"column\">\n\t\t\t<div class=\"elementor-widget-wrap\">\n\t\t\t\t\t\t\t<\/div>\n\t\t<\/div>\n\t\t\t\t\t<\/div>\n\t\t<\/section>\n\t\t\t\t\t<\/div>\n\t\t<\/div>\n\t\t\t\t\t<\/div>\n\t\t<\/section>\n\t\t\t\t<section class=\"elementor-section elementor-top-section elementor-element elementor-element-3d19f16 elementor-section-boxed elementor-section-height-default elementor-section-height-default\" data-id=\"3d19f16\" data-element_type=\"section\" data-e-type=\"section\">\n\t\t\t\t\t\t<div class=\"elementor-container elementor-column-gap-default\">\n\t\t\t\t\t<div class=\"elementor-column elementor-col-100 elementor-top-column elementor-element elementor-element-f28b1b7\" data-id=\"f28b1b7\" data-element_type=\"column\" data-e-type=\"column\">\n\t\t\t<div class=\"elementor-widget-wrap elementor-element-populated\">\n\t\t\t\t\t\t\t<\/div>\n\t\t<\/div>\n\t\t\t\t\t<\/div>\n\t\t<\/section>\n\t\t\t\t<section class=\"elementor-section elementor-top-section elementor-element elementor-element-666b845 elementor-section-boxed elementor-section-height-default elementor-section-height-default\" data-id=\"666b845\" data-element_type=\"section\" data-e-type=\"section\">\n\t\t\t\t\t\t<div class=\"elementor-container elementor-column-gap-default\">\n\t\t\t\t\t<div class=\"elementor-column elementor-col-100 elementor-top-column elementor-element elementor-element-3540e37\" data-id=\"3540e37\" data-element_type=\"column\" data-e-type=\"column\">\n\t\t\t<div class=\"elementor-widget-wrap\">\n\t\t\t\t\t\t\t<\/div>\n\t\t<\/div>\n\t\t\t\t\t<\/div>\n\t\t<\/section>\n\t\t\t\t<\/div>\n\t\t","protected":false},"excerpt":{"rendered":"<p>CIRCUITS au d\u00e9part d&rsquo;AGADIR &#8211; Pr\u00eat \u00e0 partir D\u00e9couvrez nos circuits aventure ! N&rsquo;h\u00e9sitez pas \u00e0 nous contacter pour plus d&rsquo;informations, tarifs,\u2026. Nous sommes flexibles, nous<span class=\"excerpt-hellip\"> [\u2026]<\/span><\/p>\n","protected":false},"author":1,"featured_media":0,"parent":0,"menu_order":0,"comment_status":"closed","ping_status":"closed","template":"","meta":{"footnotes":""},"class_list":["post-1182","page","type-page","status-publish","hentry"],"yoast_head":"<!-- This site is optimized with the Yoast SEO plugin v27.3 - https:\/\/yoast.com\/product\/yoast-seo-wordpress\/ -->\n<title>Circuits au d\u00e9part d&#039;Agadir - Taous Tours<\/title>\n<meta name=\"robots\" content=\"index, follow, max-snippet:-1, max-image-preview:large, max-video-preview:-1\" \/>\n<link rel=\"canonical\" href=\"https:\/\/taous-tours.com\/fr\/circuits-au-depart-dagadir\/\" \/>\n<meta property=\"og:locale\" content=\"fr_FR\" \/>\n<meta property=\"og:type\" content=\"article\" \/>\n<meta property=\"og:title\" content=\"Circuits au d\u00e9part d&#039;Agadir - Taous Tours\" \/>\n<meta property=\"og:description\" content=\"CIRCUITS au d\u00e9part d&rsquo;AGADIR &#8211; Pr\u00eat \u00e0 partir D\u00e9couvrez nos circuits aventure ! N&rsquo;h\u00e9sitez pas \u00e0 nous contacter pour plus d&rsquo;informations, tarifs,\u2026. Nous sommes flexibles, nous [\u2026]\" \/>\n<meta property=\"og:url\" content=\"https:\/\/taous-tours.com\/fr\/circuits-au-depart-dagadir\/\" \/>\n<meta property=\"og:site_name\" content=\"Taous Tours\" \/>\n<meta property=\"article:modified_time\" content=\"2024-01-20T08:13:14+00:00\" \/>\n<meta property=\"og:image\" content=\"https:\/\/taous-tours.com\/wp-content\/uploads\/2020\/12\/4444-removebg-preview.png\" \/>\n<meta name=\"twitter:card\" content=\"summary_large_image\" \/>\n<script type=\"application\/ld+json\" class=\"yoast-schema-graph\">{\"@context\":\"https:\\\/\\\/schema.org\",\"@graph\":[{\"@type\":\"WebPage\",\"@id\":\"https:\\\/\\\/taous-tours.com\\\/fr\\\/circuits-au-depart-dagadir\\\/\",\"url\":\"https:\\\/\\\/taous-tours.com\\\/fr\\\/circuits-au-depart-dagadir\\\/\",\"name\":\"Circuits au d\u00e9part d'Agadir - Taous Tours\",\"isPartOf\":{\"@id\":\"https:\\\/\\\/taous-tours.com\\\/fr\\\/#website\"},\"primaryImageOfPage\":{\"@id\":\"https:\\\/\\\/taous-tours.com\\\/fr\\\/circuits-au-depart-dagadir\\\/#primaryimage\"},\"image\":{\"@id\":\"https:\\\/\\\/taous-tours.com\\\/fr\\\/circuits-au-depart-dagadir\\\/#primaryimage\"},\"thumbnailUrl\":\"https:\\\/\\\/taous-tours.com\\\/wp-content\\\/uploads\\\/2020\\\/12\\\/4444-removebg-preview.png\",\"datePublished\":\"2021-11-07T16:45:28+00:00\",\"dateModified\":\"2024-01-20T08:13:14+00:00\",\"breadcrumb\":{\"@id\":\"https:\\\/\\\/taous-tours.com\\\/fr\\\/circuits-au-depart-dagadir\\\/#breadcrumb\"},\"inLanguage\":\"fr-FR\",\"potentialAction\":[{\"@type\":\"ReadAction\",\"target\":[\"https:\\\/\\\/taous-tours.com\\\/fr\\\/circuits-au-depart-dagadir\\\/\"]}]},{\"@type\":\"ImageObject\",\"inLanguage\":\"fr-FR\",\"@id\":\"https:\\\/\\\/taous-tours.com\\\/fr\\\/circuits-au-depart-dagadir\\\/#primaryimage\",\"url\":\"https:\\\/\\\/taous-tours.com\\\/wp-content\\\/uploads\\\/2020\\\/12\\\/4444-removebg-preview.png\",\"contentUrl\":\"https:\\\/\\\/taous-tours.com\\\/wp-content\\\/uploads\\\/2020\\\/12\\\/4444-removebg-preview.png\"},{\"@type\":\"BreadcrumbList\",\"@id\":\"https:\\\/\\\/taous-tours.com\\\/fr\\\/circuits-au-depart-dagadir\\\/#breadcrumb\",\"itemListElement\":[{\"@type\":\"ListItem\",\"position\":1,\"name\":\"Home\",\"item\":\"https:\\\/\\\/taous-tours.com\\\/fr\\\/\"},{\"@type\":\"ListItem\",\"position\":2,\"name\":\"Circuits au d\u00e9part d&rsquo;Agadir\"}]},{\"@type\":\"WebSite\",\"@id\":\"https:\\\/\\\/taous-tours.com\\\/fr\\\/#website\",\"url\":\"https:\\\/\\\/taous-tours.com\\\/fr\\\/\",\"name\":\"Taous Tours\",\"description\":\"Discover the Morrocon Beauty with our all-in Tours\",\"publisher\":{\"@id\":\"https:\\\/\\\/taous-tours.com\\\/fr\\\/#organization\"},\"potentialAction\":[{\"@type\":\"SearchAction\",\"target\":{\"@type\":\"EntryPoint\",\"urlTemplate\":\"https:\\\/\\\/taous-tours.com\\\/fr\\\/?s={search_term_string}\"},\"query-input\":{\"@type\":\"PropertyValueSpecification\",\"valueRequired\":true,\"valueName\":\"search_term_string\"}}],\"inLanguage\":\"fr-FR\"},{\"@type\":\"Organization\",\"@id\":\"https:\\\/\\\/taous-tours.com\\\/fr\\\/#organization\",\"name\":\"Taous Tours\",\"url\":\"https:\\\/\\\/taous-tours.com\\\/fr\\\/\",\"logo\":{\"@type\":\"ImageObject\",\"inLanguage\":\"fr-FR\",\"@id\":\"https:\\\/\\\/taous-tours.com\\\/fr\\\/#\\\/schema\\\/logo\\\/image\\\/\",\"url\":\"https:\\\/\\\/taous-tours.com\\\/wp-content\\\/uploads\\\/2020\\\/12\\\/4444-removebg-preview.png\",\"contentUrl\":\"https:\\\/\\\/taous-tours.com\\\/wp-content\\\/uploads\\\/2020\\\/12\\\/4444-removebg-preview.png\",\"width\":645,\"height\":387,\"caption\":\"Taous Tours\"},\"image\":{\"@id\":\"https:\\\/\\\/taous-tours.com\\\/fr\\\/#\\\/schema\\\/logo\\\/image\\\/\"}}]}<\/script>\n<!-- \/ Yoast SEO plugin. -->","yoast_head_json":{"title":"Circuits au d\u00e9part d'Agadir - Taous Tours","robots":{"index":"index","follow":"follow","max-snippet":"max-snippet:-1","max-image-preview":"max-image-preview:large","max-video-preview":"max-video-preview:-1"},"canonical":"https:\/\/taous-tours.com\/fr\/circuits-au-depart-dagadir\/","og_locale":"fr_FR","og_type":"article","og_title":"Circuits au d\u00e9part d'Agadir - Taous Tours","og_description":"CIRCUITS au d\u00e9part d&rsquo;AGADIR &#8211; Pr\u00eat \u00e0 partir D\u00e9couvrez nos circuits aventure ! N&rsquo;h\u00e9sitez pas \u00e0 nous contacter pour plus d&rsquo;informations, tarifs,\u2026. Nous sommes flexibles, nous [\u2026]","og_url":"https:\/\/taous-tours.com\/fr\/circuits-au-depart-dagadir\/","og_site_name":"Taous Tours","article_modified_time":"2024-01-20T08:13:14+00:00","og_image":[{"url":"https:\/\/taous-tours.com\/wp-content\/uploads\/2020\/12\/4444-removebg-preview.png","type":"","width":"","height":""}],"twitter_card":"summary_large_image","schema":{"@context":"https:\/\/schema.org","@graph":[{"@type":"WebPage","@id":"https:\/\/taous-tours.com\/fr\/circuits-au-depart-dagadir\/","url":"https:\/\/taous-tours.com\/fr\/circuits-au-depart-dagadir\/","name":"Circuits au d\u00e9part d'Agadir - Taous Tours","isPartOf":{"@id":"https:\/\/taous-tours.com\/fr\/#website"},"primaryImageOfPage":{"@id":"https:\/\/taous-tours.com\/fr\/circuits-au-depart-dagadir\/#primaryimage"},"image":{"@id":"https:\/\/taous-tours.com\/fr\/circuits-au-depart-dagadir\/#primaryimage"},"thumbnailUrl":"https:\/\/taous-tours.com\/wp-content\/uploads\/2020\/12\/4444-removebg-preview.png","datePublished":"2021-11-07T16:45:28+00:00","dateModified":"2024-01-20T08:13:14+00:00","breadcrumb":{"@id":"https:\/\/taous-tours.com\/fr\/circuits-au-depart-dagadir\/#breadcrumb"},"inLanguage":"fr-FR","potentialAction":[{"@type":"ReadAction","target":["https:\/\/taous-tours.com\/fr\/circuits-au-depart-dagadir\/"]}]},{"@type":"ImageObject","inLanguage":"fr-FR","@id":"https:\/\/taous-tours.com\/fr\/circuits-au-depart-dagadir\/#primaryimage","url":"https:\/\/taous-tours.com\/wp-content\/uploads\/2020\/12\/4444-removebg-preview.png","contentUrl":"https:\/\/taous-tours.com\/wp-content\/uploads\/2020\/12\/4444-removebg-preview.png"},{"@type":"BreadcrumbList","@id":"https:\/\/taous-tours.com\/fr\/circuits-au-depart-dagadir\/#breadcrumb","itemListElement":[{"@type":"ListItem","position":1,"name":"Home","item":"https:\/\/taous-tours.com\/fr\/"},{"@type":"ListItem","position":2,"name":"Circuits au d\u00e9part d&rsquo;Agadir"}]},{"@type":"WebSite","@id":"https:\/\/taous-tours.com\/fr\/#website","url":"https:\/\/taous-tours.com\/fr\/","name":"Taous Tours","description":"Discover the Morrocon Beauty with our all-in Tours","publisher":{"@id":"https:\/\/taous-tours.com\/fr\/#organization"},"potentialAction":[{"@type":"SearchAction","target":{"@type":"EntryPoint","urlTemplate":"https:\/\/taous-tours.com\/fr\/?s={search_term_string}"},"query-input":{"@type":"PropertyValueSpecification","valueRequired":true,"valueName":"search_term_string"}}],"inLanguage":"fr-FR"},{"@type":"Organization","@id":"https:\/\/taous-tours.com\/fr\/#organization","name":"Taous Tours","url":"https:\/\/taous-tours.com\/fr\/","logo":{"@type":"ImageObject","inLanguage":"fr-FR","@id":"https:\/\/taous-tours.com\/fr\/#\/schema\/logo\/image\/","url":"https:\/\/taous-tours.com\/wp-content\/uploads\/2020\/12\/4444-removebg-preview.png","contentUrl":"https:\/\/taous-tours.com\/wp-content\/uploads\/2020\/12\/4444-removebg-preview.png","width":645,"height":387,"caption":"Taous Tours"},"image":{"@id":"https:\/\/taous-tours.com\/fr\/#\/schema\/logo\/image\/"}}]}},"_links":{"self":[{"href":"https:\/\/taous-tours.com\/fr\/wp-json\/wp\/v2\/pages\/1182","targetHints":{"allow":["GET"]}}],"collection":[{"href":"https:\/\/taous-tours.com\/fr\/wp-json\/wp\/v2\/pages"}],"about":[{"href":"https:\/\/taous-tours.com\/fr\/wp-json\/wp\/v2\/types\/page"}],"author":[{"embeddable":true,"href":"https:\/\/taous-tours.com\/fr\/wp-json\/wp\/v2\/users\/1"}],"replies":[{"embeddable":true,"href":"https:\/\/taous-tours.com\/fr\/wp-json\/wp\/v2\/comments?post=1182"}],"version-history":[{"count":2,"href":"https:\/\/taous-tours.com\/fr\/wp-json\/wp\/v2\/pages\/1182\/revisions"}],"predecessor-version":[{"id":1812,"href":"https:\/\/taous-tours.com\/fr\/wp-json\/wp\/v2\/pages\/1182\/revisions\/1812"}],"wp:attachment":[{"href":"https:\/\/taous-tours.com\/fr\/wp-json\/wp\/v2\/media?parent=1182"}],"curies":[{"name":"wp","href":"https:\/\/api.w.org\/{rel}","templated":true}]}}